{"id":221,"date":"2025-05-24T19:48:50","date_gmt":"2025-05-24T17:48:50","guid":{"rendered":"https:\/\/barnabelaye.com\/fr\/?page_id=221"},"modified":"2025-05-24T19:48:50","modified_gmt":"2025-05-24T17:48:50","slug":"le-feu-de-nos-empreintes","status":"publish","type":"page","link":"https:\/\/barnabelaye.com\/fr\/bibliographie\/le-feu-de-nos-empreintes\/","title":{"rendered":"Le feu de nos empreintes"},"content":{"rendered":"<div class=\"wp-block-image\">\n<figure class=\"alignleft size-large is-resized\"><img loading=\"lazy\" decoding=\"async\" width=\"714\" height=\"1024\" src=\"https:\/\/barnabelaye.com\/wp-content\/uploads\/2025\/05\/9782336474656r-714x1024.jpg\" alt=\"\" class=\"wp-image-222\" style=\"width:394px;height:auto\" srcset=\"https:\/\/barnabelaye.com\/wp-content\/uploads\/2025\/05\/9782336474656r-714x1024.jpg 714w, https:\/\/barnabelaye.com\/wp-content\/uploads\/2025\/05\/9782336474656r-209x300.jpg 209w, https:\/\/barnabelaye.com\/wp-content\/uploads\/2025\/05\/9782336474656r-768x1101.jpg 768w, https:\/\/barnabelaye.com\/wp-content\/uploads\/2025\/05\/9782336474656r-1072x1536.jpg 1072w, https:\/\/barnabelaye.com\/wp-content\/uploads\/2025\/05\/9782336474656r-1429x2048.jpg 1429w, https:\/\/barnabelaye.com\/wp-content\/uploads\/2025\/05\/9782336474656r-scaled.jpg 1786w\" sizes=\"auto, (max-width: 714px) 100vw, 714px\" \/><\/figure>\n<\/div>\n\n\n<p><strong>Editeur <\/strong>: L&rsquo;Harmattan<\/p>\n\n\n\n<p><strong>Date de publication<\/strong> : 2024<\/p>\n\n\n\n<p>Lorsque l\u2019\u00e2me du po\u00e8te se conjugue au souffle cr\u00e9ateur du sculpteur, nait un dialogue entre le verbe et la mati\u00e8re. L\u2019alchimie de l\u2019intime transmute la Parole et transcende la mati\u00e8re.<br>Comme l\u2019\u00e9crit le po\u00e8te Hafid Gafa\u00efti \u00ab Po\u00e8mes de l\u2019\u00e9lan, textes d\u00e9roul\u00e9s comme un \u00e9loge de l\u2019union, les mots de Barnab\u00e9 LAYE sont un hymne aux chemins des amants vers l\u2019amour et la tendresse pendant que les sculptures de Franceleine Debellefontaine nous offrent une sublimation de la femme au rythme des incantations et des offrandes du po\u00e8te. \u00bb<br>Ce recueil \u00e0 deux voix n\u00e9 de longs silences \u00e0 l\u2019or\u00e9e de leurs sentiers cr\u00e9atifs fr\u00f4le l\u2019intime. Michel B\u00e9nard (Laur\u00e9at de l\u2019Acad\u00e9mie Fran\u00e7aise) ajoute \u00ab L\u2019un sculpte ses textes, mot apr\u00e8s mot, \u00e9motion apr\u00e8s \u00e9motion, certitude apr\u00e8s certitude jusqu\u2019\u00e0 la cr\u00e9ation absolue. L\u2019autre grave dans la pierre l\u2019image du verbe r\u00e9v\u00e9lateur de la Parole annonciatrice de la beaut\u00e9 pure et absolue. Ainsi au terme d\u2019un long cheminement, d\u2019incertaines errances, le po\u00e8te poursuit son chemin de v\u00e9rit\u00e9 et s\u2019en retourne au silence en transmettant le fruit de sa Parole au geste du sculpteur, qui, signe apr\u00e8s signe, trace apr\u00e8s trace, immortalise dans le marbre le po\u00e8me de la complicit\u00e9.<\/p>\n","protected":false},"excerpt":{"rendered":"<p>Editeur : L&rsquo;Harmattan Date de publication : 2024 Lorsque l\u2019\u00e2me du po\u00e8te se conjugue au souffle cr\u00e9ateur du sculpteur, nait un dialogue entre le verbe et la mati\u00e8re. L\u2019alchimie de l\u2019intime transmute la Parole et transcende la mati\u00e8re.Comme l\u2019\u00e9crit le po\u00e8te Hafid Gafa\u00efti \u00ab Po\u00e8mes de l\u2019\u00e9lan, textes d\u00e9roul\u00e9s comme un \u00e9loge de l\u2019union, les [&hellip;]<\/p>\n","protected":false},"author":1,"featured_media":0,"parent":95,"menu_order":0,"comment_status":"closed","ping_status":"closed","template":"","meta":{"footnotes":""},"class_list":["post-221","page","type-page","status-publish","czr-hentry"],"_links":{"self":[{"href":"https:\/\/barnabelaye.com\/fr\/wp-json\/wp\/v2\/pages\/221","targetHints":{"allow":["GET"]}}],"collection":[{"href":"https:\/\/barnabelaye.com\/fr\/wp-json\/wp\/v2\/pages"}],"about":[{"href":"https:\/\/barnabelaye.com\/fr\/wp-json\/wp\/v2\/types\/page"}],"author":[{"embeddable":true,"href":"https:\/\/barnabelaye.com\/fr\/wp-json\/wp\/v2\/users\/1"}],"replies":[{"embeddable":true,"href":"https:\/\/barnabelaye.com\/fr\/wp-json\/wp\/v2\/comments?post=221"}],"version-history":[{"count":1,"href":"https:\/\/barnabelaye.com\/fr\/wp-json\/wp\/v2\/pages\/221\/revisions"}],"predecessor-version":[{"id":223,"href":"https:\/\/barnabelaye.com\/fr\/wp-json\/wp\/v2\/pages\/221\/revisions\/223"}],"up":[{"embeddable":true,"href":"https:\/\/barnabelaye.com\/fr\/wp-json\/wp\/v2\/pages\/95"}],"wp:attachment":[{"href":"https:\/\/barnabelaye.com\/fr\/wp-json\/wp\/v2\/media?parent=221"}],"curies":[{"name":"wp","href":"https:\/\/api.w.org\/{rel}","templated":true}]}}