{"id":215,"date":"2025-05-24T19:44:22","date_gmt":"2025-05-24T17:44:22","guid":{"rendered":"https:\/\/barnabelaye.com\/fr\/?page_id=215"},"modified":"2025-05-24T19:44:22","modified_gmt":"2025-05-24T17:44:22","slug":"fragments-derrances","status":"publish","type":"page","link":"https:\/\/barnabelaye.com\/fr\/bibliographie\/fragments-derrances\/","title":{"rendered":"Fragments d\u2019errances"},"content":{"rendered":"<div class=\"wp-block-image\">\n<figure class=\"alignleft size-large is-resized\"><img loading=\"lazy\" decoding=\"async\" width=\"627\" height=\"1024\" src=\"https:\/\/barnabelaye.com\/wp-content\/uploads\/2025\/05\/9782355721441r-627x1024.jpg\" alt=\"\" class=\"wp-image-216\" style=\"width:288px;height:auto\" srcset=\"https:\/\/barnabelaye.com\/wp-content\/uploads\/2025\/05\/9782355721441r-627x1024.jpg 627w, https:\/\/barnabelaye.com\/wp-content\/uploads\/2025\/05\/9782355721441r-184x300.jpg 184w, https:\/\/barnabelaye.com\/wp-content\/uploads\/2025\/05\/9782355721441r-768x1255.jpg 768w, https:\/\/barnabelaye.com\/wp-content\/uploads\/2025\/05\/9782355721441r-940x1536.jpg 940w, https:\/\/barnabelaye.com\/wp-content\/uploads\/2025\/05\/9782355721441r-1254x2048.jpg 1254w, https:\/\/barnabelaye.com\/wp-content\/uploads\/2025\/05\/9782355721441r-scaled.jpg 1567w\" sizes=\"auto, (max-width: 627px) 100vw, 627px\" \/><\/figure>\n<\/div>\n\n\n<p class=\"has-vivid-red-color has-text-color has-link-color wp-elements-049ffbb8b264061b43b007094001f3e5\"><strong>Prix \u201cAIM\u00c9 C\u00c9SAIRE\u201d \u2013 Soci\u00e9t\u00e9 des Po\u00e8tes Fran\u00e7ais \u2013 2016<\/strong><\/p>\n\n\n\n<p><strong>Editeur&nbsp;:<\/strong> Acoria<\/p>\n\n\n\n<p><strong>Date de publication&nbsp;:<\/strong> 19\/10\/2015<\/p>\n\n\n\n<p><\/p>\n\n\n\n<h1 class=\"wp-block-heading\">Extraits :<\/h1>\n\n\n\n<p><strong>1<\/strong><\/p>\n\n\n\n<p>Regarder le miroir en face<br>Depuis longtemps j\u2019ai redout\u00e9 la terrible sentence<br>Les deux mains sur le visage je me prot\u00e8ge<br>Comme l\u2019autruche la t\u00eate au creux du sable<br>Je me mets \u00e0 l\u2019abri du danger l\u2019obs\u00e9dante r\u00e9alit\u00e9<\/p>\n\n\n\n<p>Les z\u00e8bres s\u2019en vont boire \u00e0 la mare d\u2019eau claire<br>Ils s\u2019\u00e9tonnent de tant de z\u00e9brures lacets sombres<br>Comme lani\u00e8res ondulant dans la clart\u00e9 cristalline<\/p>\n\n\n\n<p>Les z\u00e8bres ferment les yeux pour s\u2019\u00e9pargner l\u2019image<br>A c\u00f4t\u00e9 d\u2019eux des biches l\u2019\u0153illade des antilopes graciles<br>Le glabre uniforme de leur peau les poils de soie lisses<\/p>\n\n\n\n<p>Les z\u00e8bres secouent la t\u00eate et puis s\u2019en vont.<\/p>\n\n\n\n<hr class=\"wp-block-separator has-alpha-channel-opacity\"\/>\n\n\n\n<p><strong>2<\/strong><\/p>\n\n\n\n<p>Regarder le miroir en face<br>Les deux mains sur le visage<br>Comment lire dans la glace la lumi\u00e8re \u00e9toile<br>Qui brille \u00e9clatante au fond de mon \u00e2me&nbsp;?<br>Le refus obstin\u00e9 des apparences ordinaires<br>Pour laisser br\u00fbler les rouges frissons d\u2019ardeur<br>Qui traversent les ramures de mon arbre<br>G\u00e9n\u00e9alogie de mes racines de chair et de sang<\/p>\n\n\n\n<p>Il faudra se d\u00e9barrasser des habits d\u2019imposture<br>Pou emp\u00eacher notre horizon de disparaitre<br>Dans les mirages et la coquille vide des illusions<\/p>\n\n\n\n<p>Un jour<br>Il faudra briser la glace<\/p>\n\n\n\n<hr class=\"wp-block-separator has-alpha-channel-opacity\"\/>\n\n\n\n<p><strong>3<\/strong><\/p>\n\n\n\n<p>Apr\u00e8s la nuit<br>Arrive toujours une aube et la beaut\u00e9 se r\u00e9pand et \u00e9blouit malgr\u00e9 l\u2019opacit\u00e9 de l\u2019\u00e9nigme.<br>Le scarab\u00e9e pi\u00e9tine les jours de nos impatiences. Il roule la boule obscure des choses sans importance.<br>Nos yeux s\u2019\u00e9garent dans la fuite du vent et l\u2019instant se noie dans un songe&nbsp;:<br>Une \u00eele<br>Comme une enfance d\u2019eau<br>Lov\u00e9e dans un liquide berceau<br>Dans une chambre bleue<br>Une \u00eele<br>Petite terre au milieu des vagues<br>On dirait un oubli de verdure<br>De charmes de ch\u00eanes de fr\u00eanes<br>Longs bras tendus vers le ciel<br>Un songe \u00e0 l\u2019aube. D\u00e9j\u00e0 le soleil tendre et chaud.<\/p>\n\n\n\n<hr class=\"wp-block-separator has-alpha-channel-opacity\"\/>\n\n\n\n<p><strong>4<\/strong><\/p>\n\n\n\n<p>Toi homme des moments fugaces et des intervalles pr\u00e9caires<br>Batracien entre l\u2019eau et la terre<br>Tu vas de l\u2019ange \u00e0 la b\u00eate<br>Tu ne sais pas choisir entre l\u2019amour et la v\u00e9rit\u00e9<\/p>\n\n\n\n<p>Tu observes le cr\u00e9puscule du gerfaut qui lentement se pose dans son nid<br>Tu observes la silhouette du ramier et l\u2019appel ultime d\u2019un long roucoulis<br>Tu observes les \u00e9toiles petits soleils d\u2019un ciel sans pr\u00e9sages<\/p>\n\n\n\n<p>Tu aurais tant voulu regarder la mer.<\/p>\n\n\n\n<hr class=\"wp-block-separator has-alpha-channel-opacity\"\/>\n\n\n\n<p><strong>5<\/strong><\/p>\n\n\n\n<p>Puiser dans la nuit<br>Puiser dans le jour<\/p>\n\n\n\n<p>Le pass\u00e9 nous fait souffrance<br>Le pass\u00e9 nous fait opprobre<br>Nous rions \u00e0 l\u2019ombre des pleurs et des mascarades<br>Rien pour embellir le sang et la m\u00e9moire<\/p>\n\n\n\n<p>Parfois il suffit d\u2019un ciel bleu<br>Pour croire \u00e0 l\u2019av\u00e8nement d\u2019improbables miracles.<\/p>\n\n\n\n<hr class=\"wp-block-separator has-alpha-channel-opacity\"\/>\n\n\n\n<p><strong>6<\/strong><\/p>\n\n\n\n<p>Les mots encha\u00eenent le silence<br>Pour se suspendre au voyage immobile<br>Et \u00e0 toutes les formes fragiles n\u00e9es du hasard et du vent<\/p>\n\n\n\n<p>Il faut oublier dans l\u2019espace vide<br>La question et le probl\u00e8me<br>La mort comme un myst\u00e8re<br>La mort comme un effet secondaire<br>Le passage de l\u2019ultime fronti\u00e8re<br>Le brouhaha de la derni\u00e8re seconde<\/p>\n\n\n\n<p>Il faut oublier dans les d\u00e9combres<br>Les proph\u00e8tes des br\u00fblantes G\u00e9hennes<br>Les proph\u00e8tes des harems aux quarante vierges<\/p>\n\n\n\n<p>Voici venir<br>Les mots pour incendier les mensonges.<\/p>\n\n\n\n<p>Les \u00e9l\u00e9phants s\u2019en vont jouer \u00e0 la marelle.<\/p>\n\n\n\n<hr class=\"wp-block-separator has-alpha-channel-opacity\"\/>\n\n\n\n<p><strong>7<\/strong><\/p>\n\n\n\n<p>Sur les sentiers du p\u00e8lerinage au pied de l\u2019alpage<br>Les vaches vaquent dans l\u2019herbe des p\u00e2turages<br>Les sapins immenses aux abords de l\u2019Ermitage<br>Prot\u00e8gent la paix des Chartreux en pri\u00e8res<\/p>\n\n\n\n<p>La soif au c\u0153ur dans la for\u00eat d\u2019Emeraude<br>Par les escarpes par les pentes abruptes<br>Me prend une envie soudaine et sur mes l\u00e8vres<br>Un go\u00fbt de miel des Vergers de Louisias<\/p>\n\n\n\n<p>Marcher pendant des heures dans le d\u00e9sert vert<br>Il pleut des soleils et des ciels bleus<br>Sur les coteaux sur les hautes vignes \u00e0 l\u2019infini<\/p>\n\n\n\n<hr class=\"wp-block-separator has-alpha-channel-opacity\"\/>\n\n\n\n<p><strong>8<\/strong><\/p>\n\n\n\n<p>L\u2019obs\u00e9dante lumi\u00e8re de l\u2019impossible<br>Nous guide vers des rivages qui sans cesse s\u2019\u00e9loignent et se d\u00e9robent.<br>Pourquoi sommes-nous si loin de la mer&nbsp;?<\/p>\n\n\n\n<p>Nous savons pourtant que tout nous est compt\u00e9<br>En nombres et chiffres immuables notre destin\u00e9e<br>S\u2019\u00e9gr\u00e8ne \u00e0 reculons tel un compte \u00e0 rebours implacable.<br>Est-il concevable cette fin de triste spectacle&nbsp;?<\/p>\n\n\n\n<p>Les paroles famili\u00e8res partent en lambeaux<br>Les mots s\u2019effritent sur de lourds silences<br>Est-il possible que tout cela se perde dans le n\u00e9ant&nbsp;?<\/p>\n\n\n\n<p>Chacun de nous livre des batailles<br>Que les autres ignorent.<\/p>\n\n\n\n<hr class=\"wp-block-separator has-alpha-channel-opacity\"\/>\n\n\n\n<p><strong>9<\/strong><\/p>\n\n\n\n<p>Grav\u00e9es sur la peau du temps nos lignes de vie nos errances<br>Et l\u2019obscur destin qui nous pousse en avant.<br>Nous ne savons rien de ces alphabets imp\u00e9n\u00e9trables<br>Saign\u00e9s dans le granit au bord du chemin.<br>Nous marchons dans le brouillard des vaines esp\u00e9rances<br>Et des horizons de muraille.<\/p>\n\n\n\n<hr class=\"wp-block-separator has-alpha-channel-opacity\"\/>\n\n\n\n<p><strong>10<\/strong><\/p>\n\n\n\n<p>Laisser dormir le myst\u00e8re des cloportes sous les pierres<br>Seulement garder m\u00e9moire de ce matin de mai<br>La premi\u00e8re rose \u00e9close au milieu des herbes hautes<br>Les deux cygnes noirs cous enlac\u00e9s flirtant sur l\u2019eau lente de l\u2019\u00e9tang<br>Le concerto des chants d\u2019oiseaux dans les arbres au lever du jour<\/p>\n\n\n\n<p>A l\u2019ombre des belles paroles me taraudent encore<br>Les petits cailloux dans mon soulier. Je ne sais pourquoi<br>Je me cogne contre l\u2019asp\u00e9rit\u00e9 acide des choses et des \u00eatres<br>Je me fais des bleus \u00e0 l\u2019\u00e2me j\u2019ai des trous dans ma t\u00eate<br>Mon c\u0153ur tra\u00eene partout ses blessures et ses ecchymoses<\/p>\n\n\n\n<p>Il faudra oublier les nuits du doute et des nostalgies<br>Les cendres froides des flammes anciennes tous les oripeaux<br>Pour contempler le sourire avort\u00e9 d\u2019un lac endormi au soleil<br>Vider go\u00fbte \u00e0 go\u00fbte son esprit dans une calebasse de pri\u00e8re<br>Et partir comme un envol de go\u00e9land au-dessus de l\u2019oc\u00e9an<\/p>\n\n\n\n<p>Laisser dormir le myst\u00e8re des cloportes sous les pierres<\/p>\n","protected":false},"excerpt":{"rendered":"<p>Prix \u201cAIM\u00c9 C\u00c9SAIRE\u201d \u2013 Soci\u00e9t\u00e9 des Po\u00e8tes Fran\u00e7ais \u2013 2016 Editeur&nbsp;: Acoria Date de publication&nbsp;: 19\/10\/2015 Extraits : 1 Regarder le miroir en faceDepuis longtemps j\u2019ai redout\u00e9 la terrible sentenceLes deux mains sur le visage je me prot\u00e8geComme l\u2019autruche la t\u00eate au creux du sableJe me mets \u00e0 l\u2019abri du danger l\u2019obs\u00e9dante r\u00e9alit\u00e9 Les z\u00e8bres [&hellip;]<\/p>\n","protected":false},"author":1,"featured_media":0,"parent":95,"menu_order":0,"comment_status":"closed","ping_status":"closed","template":"","meta":{"footnotes":""},"class_list":["post-215","page","type-page","status-publish","czr-hentry"],"_links":{"self":[{"href":"https:\/\/barnabelaye.com\/fr\/wp-json\/wp\/v2\/pages\/215","targetHints":{"allow":["GET"]}}],"collection":[{"href":"https:\/\/barnabelaye.com\/fr\/wp-json\/wp\/v2\/pages"}],"about":[{"href":"https:\/\/barnabelaye.com\/fr\/wp-json\/wp\/v2\/types\/page"}],"author":[{"embeddable":true,"href":"https:\/\/barnabelaye.com\/fr\/wp-json\/wp\/v2\/users\/1"}],"replies":[{"embeddable":true,"href":"https:\/\/barnabelaye.com\/fr\/wp-json\/wp\/v2\/comments?post=215"}],"version-history":[{"count":1,"href":"https:\/\/barnabelaye.com\/fr\/wp-json\/wp\/v2\/pages\/215\/revisions"}],"predecessor-version":[{"id":217,"href":"https:\/\/barnabelaye.com\/fr\/wp-json\/wp\/v2\/pages\/215\/revisions\/217"}],"up":[{"embeddable":true,"href":"https:\/\/barnabelaye.com\/fr\/wp-json\/wp\/v2\/pages\/95"}],"wp:attachment":[{"href":"https:\/\/barnabelaye.com\/fr\/wp-json\/wp\/v2\/media?parent=215"}],"curies":[{"name":"wp","href":"https:\/\/api.w.org\/{rel}","templated":true}]}}