{"id":196,"date":"2025-05-24T19:32:26","date_gmt":"2025-05-24T17:32:26","guid":{"rendered":"https:\/\/barnabelaye.com\/fr\/?page_id=196"},"modified":"2025-05-24T19:32:26","modified_gmt":"2025-05-24T17:32:26","slug":"comme-un-signe-dans-la-nuit","status":"publish","type":"page","link":"https:\/\/barnabelaye.com\/fr\/bibliographie\/comme-un-signe-dans-la-nuit\/","title":{"rendered":"Comme un signe dans la nuit"},"content":{"rendered":"<div class=\"wp-block-image\">\n<figure class=\"alignleft size-full\"><img loading=\"lazy\" decoding=\"async\" width=\"197\" height=\"300\" src=\"https:\/\/barnabelaye.com\/wp-content\/uploads\/2025\/05\/couv_comme-un-signe.jpg\" alt=\"\" class=\"wp-image-197\" title=\"couv_comme un signe\"\/><\/figure>\n<\/div>\n\n\n<p><strong>Editeur&nbsp;:<\/strong> L\u2019Harmattan<\/p>\n\n\n\n<p><strong>Date de publication&nbsp;:<\/strong> 1986<br>(Avec le concours du Centre National des Lettres)<\/p>\n\n\n\n<p><\/p>\n\n\n\n<h1 class=\"wp-block-heading\">Extraits<\/h1>\n\n\n\n<p><em><strong>FLAMME<\/strong><\/em><\/p>\n\n\n\n<p><em>Ni le nom<\/em><br><em>ni l\u2019\u00e2ge<\/em><br><em>ni le pays<\/em><br><em>ni la page<\/em><br><em>o\u00f9 court le noir des heures<\/em><br><em>rien de toi<\/em><br><em>je ne sais<\/em><br><em>seul demeure<\/em><br><em>un feu<\/em><br><em>et tout se consume<\/em><\/p>\n\n\n\n<p><em><strong>TU TE RETIRES<\/strong><\/em><\/p>\n\n\n\n<p><em>Ta voix<\/em><br><em>irradiant<\/em><br><em>sentiers d\u2019errances<\/em><br><em>et les voies naissantes<\/em><br><em>\u00e0 l\u2019aube<\/em><br><em>la lumi\u00e8re du jour<\/em><br><em>h\u00e9site<\/em><br><em>et glisse<\/em><br><em>entre les draps blancs<\/em><\/p>\n\n\n\n<p><em>et tu te retires tout doucement.<\/em><\/p>\n\n\n\n<p><em><strong>AU PETIT MATIN<\/strong><\/em><\/p>\n\n\n\n<p><em>Bruits d\u2019eau<\/em><br><em>bruissement de soie<\/em><br><em>toi<\/em><br><em>turquoise<\/em><br><em>ambre et satin<\/em><br><em>et ces petits pieds<\/em><br><em>qui effleurent le tapis<\/em><br><em>et mon c\u0153ur chien<\/em><br><em>dessinant<\/em><br><em>tes empreintes fugitives<\/em><br><em>un dimanche<\/em><br><em>au petit matin.<\/em><\/p>\n\n\n\n<p><em><strong>FEMME<\/strong><\/em><\/p>\n\n\n\n<p><em>Femme de Michel-Ange<\/em><br><em>Femme de po\u00e8te ou<\/em><br><em>femme d\u2019ap\u00f4tre<\/em><br><em>Gala Elvire ou Rebecca<\/em><br><em>femme plurielle<\/em><br><em>langoureuse femme d\u2019Abyssinie<\/em><br><em>m\u00e9lange suave<\/em><br><em>couleur de fin d\u2019\u00e9t\u00e9<\/em><br><em>fleur \u00e9close des brumes d\u2019Hambourg<\/em><br><em>merveilleuse nymphe<\/em><br><em>et ce p\u00e8re lutteur de S\u00e9n\u00e9gambie<\/em><br><em>femme chatte<\/em><br><em>velours et soif<\/em><br><em>lait et miel.<\/em><\/p>\n\n\n\n<p><em><strong>ROUGE EST LA NUIT<\/strong><\/em><\/p>\n\n\n\n<p><em>Galop de nuit<\/em><br><em>sur la mer \u00e9carlate<\/em><br><em>cavalier dress\u00e9<\/em><br><em>chevauchant jusqu\u2019\u00e0 plus ivre<\/em><br><em>tes cris<\/em><br><em>\u00e9peronnent<\/em><br><em>la nuit<\/em><br><em>tes r\u00e2les<\/em><br><em>\u00e9clairent<\/em><br><em>la fougue<\/em><br><em>l\u2019\u00e9p\u00e9e rougeoyante<\/em><br><em>jusqu\u2019\u00e0 plus ivre<\/em><br><em>est-ce la premi\u00e8re nuit du monde<\/em><br><em>cette r\u00e9surgence<\/em><br><em>ce galop sur l\u2019\u00eele de foug\u00e8res<\/em><\/p>\n\n\n\n<p><em><strong>SEMEURS D\u2019ETOILES<\/strong><\/em><\/p>\n\n\n\n<p><em>Et nous s\u00e8merons encore<\/em><br><em>les bras \u00e0 vau-vent<\/em><br><em>des milliers d\u2019\u00e9toiles<\/em><br><em>oiseaux lumi\u00e8re au cr\u00e9puscule<\/em><br><em>fleurs de corail qui dansent<\/em><br><em>les sentiers de nos regards<\/em><br><em>se d\u00e9hanchent sous nos pas<\/em><br><em>et l\u2019horizon se cache<\/em><br><em>derri\u00e8re nos mirages.<\/em><\/p>\n\n\n\n<p><em><strong>RESURGENCE DU DESIR<\/strong><\/em><\/p>\n\n\n\n<p><em>Soif<\/em><br><em>encore plus soif<\/em><br><em>\u00e0 l\u2019or\u00e9e de tes l\u00e8vres<\/em><br><em>coule<\/em><br><em>le regard<\/em><br><em>les eaux vives<\/em><br><em>sont source<\/em><br><em>urgence<\/em><br><em>et r\u00e9surgence<\/em><br><em>du d\u00e9sir.<\/em><\/p>\n\n\n\n<p><em><strong>AU FIL DE L\u2019EAU<\/strong><\/em><\/p>\n\n\n\n<p><em>Les berges de la Seine<\/em><br><em>les mouettes gris-bleu<\/em><br><em>glissant le long des p\u00e9niches<\/em><br><em>\u00f4 cette joie<\/em><br><em>rayons d\u2019or et fi\u00e8vre<\/em><br><em>la voiture dansait<\/em><br><em>la samba dansait<\/em><br><em>la java<\/em><br><em>toi<\/em><br><em>ma d\u00e9esse noire<\/em><br><em>tu prends possession de moi<\/em><br><em>sur ce chemin de<\/em><br><em>halage<\/em><br><em>tu me tires<\/em><br><em>irr\u00e9sistible \u2013<\/em><br><em>vers toi.<\/em><\/p>\n\n\n\n<p><em><strong>SUR NOS LIGNES DE VIE<\/strong><\/em><\/p>\n\n\n\n<p><em>Toi et moi<\/em><br><em>semblable et contraire<\/em><br><em>Et les mots inutiles<\/em><br><em>peau contre peau<\/em><br><em>nous marchons c\u00f4te \u00e0 c\u00f4te<\/em><br><em>sur nos lignes de vie<\/em><br><em>et les semences f\u00e9condes<\/em><br><em>nous p\u00e9n\u00e8trent de toutes parts.<\/em><\/p>\n","protected":false},"excerpt":{"rendered":"<p>Editeur&nbsp;: L\u2019Harmattan Date de publication&nbsp;: 1986(Avec le concours du Centre National des Lettres) Extraits FLAMME Ni le nomni l\u2019\u00e2geni le paysni la pageo\u00f9 court le noir des heuresrien de toije ne saisseul demeureun feuet tout se consume TU TE RETIRES Ta voixirradiantsentiers d\u2019erranceset les voies naissantes\u00e0 l\u2019aubela lumi\u00e8re du jourh\u00e9siteet glisseentre les draps blancs et [&hellip;]<\/p>\n","protected":false},"author":1,"featured_media":0,"parent":95,"menu_order":0,"comment_status":"closed","ping_status":"closed","template":"","meta":{"footnotes":""},"class_list":["post-196","page","type-page","status-publish","czr-hentry"],"_links":{"self":[{"href":"https:\/\/barnabelaye.com\/fr\/wp-json\/wp\/v2\/pages\/196","targetHints":{"allow":["GET"]}}],"collection":[{"href":"https:\/\/barnabelaye.com\/fr\/wp-json\/wp\/v2\/pages"}],"about":[{"href":"https:\/\/barnabelaye.com\/fr\/wp-json\/wp\/v2\/types\/page"}],"author":[{"embeddable":true,"href":"https:\/\/barnabelaye.com\/fr\/wp-json\/wp\/v2\/users\/1"}],"replies":[{"embeddable":true,"href":"https:\/\/barnabelaye.com\/fr\/wp-json\/wp\/v2\/comments?post=196"}],"version-history":[{"count":1,"href":"https:\/\/barnabelaye.com\/fr\/wp-json\/wp\/v2\/pages\/196\/revisions"}],"predecessor-version":[{"id":198,"href":"https:\/\/barnabelaye.com\/fr\/wp-json\/wp\/v2\/pages\/196\/revisions\/198"}],"up":[{"embeddable":true,"href":"https:\/\/barnabelaye.com\/fr\/wp-json\/wp\/v2\/pages\/95"}],"wp:attachment":[{"href":"https:\/\/barnabelaye.com\/fr\/wp-json\/wp\/v2\/media?parent=196"}],"curies":[{"name":"wp","href":"https:\/\/api.w.org\/{rel}","templated":true}]}}