{"id":193,"date":"2025-05-24T19:31:25","date_gmt":"2025-05-24T17:31:25","guid":{"rendered":"https:\/\/barnabelaye.com\/fr\/?page_id=193"},"modified":"2025-05-24T19:31:25","modified_gmt":"2025-05-24T17:31:25","slug":"les-sentiers-de-liberte","status":"publish","type":"page","link":"https:\/\/barnabelaye.com\/fr\/bibliographie\/les-sentiers-de-liberte\/","title":{"rendered":"Les sentiers de libert\u00e9"},"content":{"rendered":"<div class=\"wp-block-image\">\n<figure class=\"alignleft size-full\"><img loading=\"lazy\" decoding=\"async\" width=\"200\" height=\"300\" src=\"https:\/\/barnabelaye.com\/wp-content\/uploads\/2025\/05\/couv_sentiers.jpg\" alt=\"\" class=\"wp-image-194\" title=\"couv_sentiers\"\/><\/figure>\n<\/div>\n\n\n<p><strong>Editeur&nbsp;:<\/strong> Saint-Germain-des-Pr\u00e9s<\/p>\n\n\n\n<p><strong>Date de publication&nbsp;:<\/strong> 1986<\/p>\n\n\n\n<p><\/p>\n\n\n\n<h1 class=\"wp-block-heading\">Extraits :<\/h1>\n\n\n\n<p><em>Le ghetto<br>Tu es dans le ghetto, mon fr\u00e8re<br>Tu es dans le ghetto.<\/em><\/p>\n\n\n\n<p><em>Ta femme est partie avec les enfants<br>Te laissant une maison dans le vent<br>Emportant tout, m\u00eame ton chien<br>Emportant tout, m\u00eame de petits riens,<br>Et soudain, le vide d\u2019une vie sans amis<br>Coule en larmes sur ta chemise.<\/em><\/p>\n\n\n\n<p><em>Le ghetto<br>Tu es dans le ghetto, mon fr\u00e8re<br>Tu es dans le ghetto<\/em><\/p>\n","protected":false},"excerpt":{"rendered":"<p>Editeur&nbsp;: Saint-Germain-des-Pr\u00e9s Date de publication&nbsp;: 1986 Extraits : Le ghettoTu es dans le ghetto, mon fr\u00e8reTu es dans le ghetto. Ta femme est partie avec les enfantsTe laissant une maison dans le ventEmportant tout, m\u00eame ton chienEmportant tout, m\u00eame de petits riens,Et soudain, le vide d\u2019une vie sans amisCoule en larmes sur ta chemise. Le [&hellip;]<\/p>\n","protected":false},"author":1,"featured_media":0,"parent":95,"menu_order":0,"comment_status":"closed","ping_status":"closed","template":"","meta":{"footnotes":""},"class_list":["post-193","page","type-page","status-publish","czr-hentry"],"_links":{"self":[{"href":"https:\/\/barnabelaye.com\/fr\/wp-json\/wp\/v2\/pages\/193","targetHints":{"allow":["GET"]}}],"collection":[{"href":"https:\/\/barnabelaye.com\/fr\/wp-json\/wp\/v2\/pages"}],"about":[{"href":"https:\/\/barnabelaye.com\/fr\/wp-json\/wp\/v2\/types\/page"}],"author":[{"embeddable":true,"href":"https:\/\/barnabelaye.com\/fr\/wp-json\/wp\/v2\/users\/1"}],"replies":[{"embeddable":true,"href":"https:\/\/barnabelaye.com\/fr\/wp-json\/wp\/v2\/comments?post=193"}],"version-history":[{"count":1,"href":"https:\/\/barnabelaye.com\/fr\/wp-json\/wp\/v2\/pages\/193\/revisions"}],"predecessor-version":[{"id":195,"href":"https:\/\/barnabelaye.com\/fr\/wp-json\/wp\/v2\/pages\/193\/revisions\/195"}],"up":[{"embeddable":true,"href":"https:\/\/barnabelaye.com\/fr\/wp-json\/wp\/v2\/pages\/95"}],"wp:attachment":[{"href":"https:\/\/barnabelaye.com\/fr\/wp-json\/wp\/v2\/media?parent=193"}],"curies":[{"name":"wp","href":"https:\/\/api.w.org\/{rel}","templated":true}]}}