{"id":132,"date":"2025-05-24T18:04:50","date_gmt":"2025-05-24T16:04:50","guid":{"rendered":"https:\/\/barnabelaye.com\/es\/?page_id=132"},"modified":"2025-05-24T18:06:08","modified_gmt":"2025-05-24T16:06:08","slug":"guide-de-la-sagesse-africaine","status":"publish","type":"page","link":"https:\/\/barnabelaye.com\/fr\/bibliographie\/guide-de-la-sagesse-africaine\/","title":{"rendered":"Guide de la sagesse africaine"},"content":{"rendered":"\n<p>En collaboration avec <strong>Liliane Pr\u00e9vost<\/strong><\/p>\n\n\n<div class=\"wp-block-image\">\n<figure class=\"alignleft size-full\"><img loading=\"lazy\" decoding=\"async\" width=\"188\" height=\"300\" src=\"https:\/\/barnabelaye.com\/wp-content\/uploads\/2025\/05\/couv_sagesse.jpg\" alt=\"\" class=\"wp-image-133\"\/><\/figure>\n<\/div>\n\n\n<p><strong>Editeur&nbsp;:<\/strong> L\u2019Harmattan<\/p>\n\n\n\n<p><strong>Date de publication&nbsp;:<\/strong> 1999<\/p>\n\n\n\n<h2 class=\"wp-block-heading\">Extraits :<\/h2>\n\n\n\n<p>Si la lune t\u2019aime, que t\u2019importe que les \u00e9toiles s\u2019\u00e9clipsent.<br>Le bonheur est oiseau, \u00e0 saisir quand il passe \u00e0 port\u00e9e de main.<br>Quand la t\u00eate est l\u00e0, le genou ne porte pas le chapeau.<br>Le crapaud ne mord pas. Ce n\u2019est pas une raison pour le mettre dans son cale\u00e7on.<br>Ne reprochez pas \u00e0 la jolie femme d\u2019aimer un homme laid&nbsp;: celui qui est aim\u00e9 gagne en beaut\u00e9.<br>On ne conna\u00eet pas l\u2019importance de ses fesses tant qu\u2019on ne souffre pas d\u2019un furoncle.<\/p>\n","protected":false},"excerpt":{"rendered":"<p>En collaboration avec Liliane Pr\u00e9vost Editeur&nbsp;: L\u2019Harmattan Date de publication&nbsp;: 1999 Extraits : Si la lune t\u2019aime, que t\u2019importe que les \u00e9toiles s\u2019\u00e9clipsent.Le bonheur est oiseau, \u00e0 saisir quand il passe \u00e0 port\u00e9e de main.Quand la t\u00eate est l\u00e0, le genou ne porte pas le chapeau.Le crapaud ne mord pas. Ce n\u2019est pas une raison [&hellip;]<\/p>\n","protected":false},"author":1,"featured_media":0,"parent":95,"menu_order":0,"comment_status":"closed","ping_status":"closed","template":"","meta":{"footnotes":""},"class_list":["post-132","page","type-page","status-publish","czr-hentry"],"_links":{"self":[{"href":"https:\/\/barnabelaye.com\/fr\/wp-json\/wp\/v2\/pages\/132","targetHints":{"allow":["GET"]}}],"collection":[{"href":"https:\/\/barnabelaye.com\/fr\/wp-json\/wp\/v2\/pages"}],"about":[{"href":"https:\/\/barnabelaye.com\/fr\/wp-json\/wp\/v2\/types\/page"}],"author":[{"embeddable":true,"href":"https:\/\/barnabelaye.com\/fr\/wp-json\/wp\/v2\/users\/1"}],"replies":[{"embeddable":true,"href":"https:\/\/barnabelaye.com\/fr\/wp-json\/wp\/v2\/comments?post=132"}],"version-history":[{"count":4,"href":"https:\/\/barnabelaye.com\/fr\/wp-json\/wp\/v2\/pages\/132\/revisions"}],"predecessor-version":[{"id":139,"href":"https:\/\/barnabelaye.com\/fr\/wp-json\/wp\/v2\/pages\/132\/revisions\/139"}],"up":[{"embeddable":true,"href":"https:\/\/barnabelaye.com\/fr\/wp-json\/wp\/v2\/pages\/95"}],"wp:attachment":[{"href":"https:\/\/barnabelaye.com\/fr\/wp-json\/wp\/v2\/media?parent=132"}],"curies":[{"name":"wp","href":"https:\/\/api.w.org\/{rel}","templated":true}]}}