{"id":218,"date":"2025-05-24T19:45:32","date_gmt":"2025-05-24T17:45:32","guid":{"rendered":"https:\/\/barnabelaye.com\/fr\/?page_id=218"},"modified":"2025-05-24T19:45:32","modified_gmt":"2025-05-24T17:45:32","slug":"anthologie-la-parole-le-feu","status":"publish","type":"page","link":"https:\/\/barnabelaye.com\/es\/bibliographie\/anthologie-la-parole-le-feu\/","title":{"rendered":"Anthologie \u2013 La Parole &#038; Le Feu"},"content":{"rendered":"<div class=\"wp-block-image\">\n<figure class=\"alignleft size-full is-resized\"><img loading=\"lazy\" decoding=\"async\" width=\"588\" height=\"900\" src=\"https:\/\/barnabelaye.com\/wp-content\/uploads\/2025\/05\/0560265001509098478.jpg\" alt=\"\" class=\"wp-image-219\" style=\"width:354px;height:auto\" srcset=\"https:\/\/barnabelaye.com\/wp-content\/uploads\/2025\/05\/0560265001509098478.jpg 588w, https:\/\/barnabelaye.com\/wp-content\/uploads\/2025\/05\/0560265001509098478-196x300.jpg 196w\" sizes=\"auto, (max-width: 588px) 100vw, 588px\" \/><\/figure>\n<\/div>\n\n\n<p><strong>Editeur&nbsp;:<\/strong> Acoria<\/p>\n\n\n\n<p><strong>Date de publication\u00a0:<\/strong> 2017<\/p>\n\n\n\n<p><\/p>\n\n\n\n<p>De livre en livre, de po\u00e8me en po\u00e8me, Barnab\u00e9 LAYE raconte une histoire, son histoire, \u00e0 la mani\u00e8re des griots de son enfance africaine. Les m\u00e9tamorphoses de sa vie et de son \u00eatre profond se d\u00e9roulent et se d\u00e9voilent comme sur un \u00e9cran noir que les mots illuminent. L\u2019\u0153uvre forme un ensemble que l\u2019anthologie \u00ab&nbsp;La Parole et le Feu&nbsp;\u00bb nous laisse entrevoir comme s\u2019il s\u2019agissait d\u2019un seul livre.<\/p>\n","protected":false},"excerpt":{"rendered":"<p>Editeur&nbsp;: Acoria Date de publication\u00a0: 2017 De livre en livre, de po\u00e8me en po\u00e8me, Barnab\u00e9 LAYE raconte une histoire, son histoire, \u00e0 la mani\u00e8re des griots de son enfance africaine. Les m\u00e9tamorphoses de sa vie et de son \u00eatre profond se d\u00e9roulent et se d\u00e9voilent comme sur un \u00e9cran noir que les mots illuminent. L\u2019\u0153uvre [&hellip;]<\/p>\n","protected":false},"author":1,"featured_media":0,"parent":95,"menu_order":0,"comment_status":"closed","ping_status":"closed","template":"","meta":{"footnotes":""},"class_list":["post-218","page","type-page","status-publish","czr-hentry"],"_links":{"self":[{"href":"https:\/\/barnabelaye.com\/es\/wp-json\/wp\/v2\/pages\/218","targetHints":{"allow":["GET"]}}],"collection":[{"href":"https:\/\/barnabelaye.com\/es\/wp-json\/wp\/v2\/pages"}],"about":[{"href":"https:\/\/barnabelaye.com\/es\/wp-json\/wp\/v2\/types\/page"}],"author":[{"embeddable":true,"href":"https:\/\/barnabelaye.com\/es\/wp-json\/wp\/v2\/users\/1"}],"replies":[{"embeddable":true,"href":"https:\/\/barnabelaye.com\/es\/wp-json\/wp\/v2\/comments?post=218"}],"version-history":[{"count":1,"href":"https:\/\/barnabelaye.com\/es\/wp-json\/wp\/v2\/pages\/218\/revisions"}],"predecessor-version":[{"id":220,"href":"https:\/\/barnabelaye.com\/es\/wp-json\/wp\/v2\/pages\/218\/revisions\/220"}],"up":[{"embeddable":true,"href":"https:\/\/barnabelaye.com\/es\/wp-json\/wp\/v2\/pages\/95"}],"wp:attachment":[{"href":"https:\/\/barnabelaye.com\/es\/wp-json\/wp\/v2\/media?parent=218"}],"curies":[{"name":"wp","href":"https:\/\/api.w.org\/{rel}","templated":true}]}}