{"id":212,"date":"2025-05-24T19:42:24","date_gmt":"2025-05-24T17:42:24","guid":{"rendered":"https:\/\/barnabelaye.com\/fr\/?page_id=212"},"modified":"2025-05-24T19:42:24","modified_gmt":"2025-05-24T17:42:24","slug":"le-crepuscule-des-metamorphoses","status":"publish","type":"page","link":"https:\/\/barnabelaye.com\/es\/bibliographie\/le-crepuscule-des-metamorphoses\/","title":{"rendered":"Le cr\u00e9puscule des m\u00e9tamorphoses"},"content":{"rendered":"<div class=\"wp-block-image\">\n<figure class=\"alignleft size-full is-resized\"><img loading=\"lazy\" decoding=\"async\" width=\"563\" height=\"900\" src=\"https:\/\/barnabelaye.com\/wp-content\/uploads\/2025\/05\/0198428001403255260.jpg\" alt=\"\" class=\"wp-image-213\" style=\"width:287px;height:auto\" title=\"Une si longue attente Couve.pdf\" srcset=\"https:\/\/barnabelaye.com\/wp-content\/uploads\/2025\/05\/0198428001403255260.jpg 563w, https:\/\/barnabelaye.com\/wp-content\/uploads\/2025\/05\/0198428001403255260-188x300.jpg 188w\" sizes=\"auto, (max-width: 563px) 100vw, 563px\" \/><\/figure>\n<\/div>\n\n\n<h1 class=\"wp-block-heading\"><strong>Editeur&nbsp;:<\/strong> Acoria<\/h1>\n\n\n\n<p><strong>Date de publication&nbsp;:<\/strong> 2014<\/p>\n\n\n\n<p><\/p>\n\n\n\n<h1 class=\"wp-block-heading\">EXTRAITS<\/h1>\n\n\n\n<p><em><strong>Chemins initiatiques<\/strong><\/em><\/p>\n\n\n\n<p><em>Tes \u00e2ges sur le parcours et les al\u00e9as du destin<br>Sont parsem\u00e9s de bornes comme des \u00e9tapes<br>Et funambule tu avances seul de rite en rite<br>Par les passages obscurs par les itin\u00e9raires oblig\u00e9s<\/em><\/p>\n\n\n\n<p>Homme \u2013 apprenti en devenir de savoir \u00eatre<br>Tu marches inlassable sur des routes aveugles<br>A la recherche d\u2019un authentique message<\/p>\n\n\n\n<p>Sur tes \u00e9paules le poids des d\u00e9sirs et des forfaits<br>Pendant que tu foules aux pieds la routine ennui<br>Les herbes folles du doute et les augures perplexes<\/p>\n\n\n\n<p>Tu voudrais en finir avec ta peau de vieil homme<br>A l\u2019instar du serpent tu ne sais comment muer<br>En neuve apparence \u00e9clats de couleurs et de lumi\u00e8re<\/p>\n\n\n\n<p>Tes \u00e2ges sur le parcours et les al\u00e9as du destin<br>Sont parsem\u00e9s de bornes comme des \u00e9tapes<br>Et funambule tu avances seul de rite en rite<br>Par les passages obscurs par les itin\u00e9raires oblig\u00e9s<\/p>\n\n\n\n<p>Homme-\u00e9tudiant en devenir de savoir comprendre<br>Ouvrier maniant les outils pour enfin savoir agir<br>Artisan aux mains habiles d\u00e9couvrant un savoir faire<\/p>\n\n\n\n<p>Malgr\u00e9 les \u00e9preuves les intemp\u00e9ries les luttes<br>Homme de pens\u00e9es libres et de belles mani\u00e8res<br>Tu chemines dans les m\u00e9ditations et les \u00e9nigmes<br>A la rencontre de la terre et de l\u2019eau des origines<br>A la rencontre de l\u2019air et du feu des r\u00e9g\u00e9n\u00e9rescences<\/p>\n\n\n\n<p>De voyage en voyage te voici au bout du chemin<br>D\u00e9pose ta besace et les oripeaux de la mal-saison<br>Tu peux prendre place \u00e0 ton poste de garde<\/p>\n\n\n\n<p>Tu es veilleur en faction au milieu de la nuit<br>En attente d\u2019une prochaine esp\u00e9rance<\/p>\n\n\n\n<p>Voici venir l\u2019aurore<br>Et la promesse de circonstances fabuleuses<\/p>\n\n\n\n<hr class=\"wp-block-separator has-alpha-channel-opacity\"\/>\n\n\n\n<p><strong>J\u2019irai boire le feu<\/strong><\/p>\n\n\n\n<p>Derri\u00e8re l\u2019\u00e9cran noir des fum\u00e9es d\u2019usines<br>Je monterai sur la longue \u00e9chelle<br>Pour allumer le soleil.<br>Et j\u2019irai boire le feu<br>Avant la travers\u00e9e des catacombes<br>Pourquoi passer des heures \u00e0 coudre<br>les souvenirs d\u2019autrefois<br>Et sentir dans sa gorge comme des n\u0153uds<br>\u00e0 la queue-leu-leu<br>Qu\u2019il faudrait avaler. Et puis s\u2019\u00e9touffer&nbsp;?<br>J\u2019irai<br>Moudre les paroles arides<br>Comme le sel<br>Comme le sable<br>J\u2019irai moudre les lourdes m\u00e9moires d\u2019entraves<br>Et attendre que vienne enfin dans ma nuit<br>Une indicible clart\u00e9<br>Comme une aube qui effleure le bord du jour.<\/p>\n\n\n\n<hr class=\"wp-block-separator has-alpha-channel-opacity\"\/>\n\n\n\n<p><strong>Homme liquide<\/strong><\/p>\n\n\n\n<p>Je ne d\u00e9voile pas ma nudit\u00e9<br>Je n\u2019ai rien \u00e0 cacher je raconte<br>Les miroirs de ma demeure ont de multiples fractures<br>Mon visage se disloque aux quatre vents<br>Et le corps tout entier fait craquer ses jointures<br>Il a servi les passions et les r\u00eaves \u00e9ph\u00e9m\u00e8res<br>Il a voyag\u00e9 par les noirs chemins des lendemains incertains<\/p>\n\n\n\n<p>Je ne d\u00e9voile pas ma nudit\u00e9<br>Je n\u2019ai rien \u00e0 cacher je raconte<br>Comme un torrent dans sa course folle je m\u2019agite<br>Loin des ruts des printemps fugaces loin de la foule<br>Je navigue au milieu des rochers des \u00e9cueils<br>Je perds le nord tout se casse je me fracasse<br>Je perds la face et lentement je glisse liquide<br>Dans les eaux lasses des regrets des repentirs<br>Avec aux l\u00e8vres un go\u00fbt de sel un go\u00fbt de fiel<br>Je ne d\u00e9voile pas ma nudit\u00e9<br>Je n\u2019ai rien \u00e0 cacher je raconte<br>Je me dissous dans la vague ordinaire du jour<br>J\u2019ai peur des eaux boueuses et des ordures<br>Je voudrais sortir des inqui\u00e9tudes rebelles<br>Je voudrais \u00eatre un homme liquide<br>Quand tout \u00e9clate contre le mur de leur indiff\u00e9rence<br>Homme liquide comme un torrent dans sa course folle<br>Je ne d\u00e9voile pas ma nudit\u00e9<br>Je n\u2019ai rien \u00e0 cacher je raconte<\/p>\n\n\n\n<hr class=\"wp-block-separator has-alpha-channel-opacity\"\/>\n\n\n\n<p><strong>La peur<\/strong><\/p>\n\n\n\n<p>La peur<br>Sous le manteau<br>A l\u2019abri des regards<br>Enfouie dans les entrailles<br>Rampe dans les ruelles du corps<\/p>\n\n\n\n<p>La peur m\u00e9moire<br>Comme un serpent qui l\u00e8che les plaies du pass\u00e9<br>Et se souvient de Nagasaki<br>D\u2019Hiroshima<br>Il faut fuir Tchernobyl les pustules les gangr\u00e8nes<br>La terre a trembl\u00e9 \u00e0 Fukushima en tsunami d\u2019irradiations<\/p>\n\n\n\n<p>La peur ordinaire<br>Voyou au couteau assassin dans le m\u00e9tro<br>Grand barbu \u00e0 l\u2019\u0153il noir sous le keffieh<br>Une pierre qui tombe d\u2019un \u00e9chafaudage<br>On l\u2019a \u00e9chapp\u00e9 belle on aurait pu la prendre<br>Sur la t\u00eate<br>La peur intime<br>Enferm\u00e9e dans le silence pudique<br>D\u2019un amour perdu au bout du chagrin<br>Le vide du jour pr\u00e9sent o\u00f9 flotte votre \u00eatre<br>Plus l\u00e9ger qu\u2019une plume d\u2019\u00e9tourneau<\/p>\n\n\n\n<p>La peur de l\u2019avenir<br>Tout va \u00e0 vau- l\u2019eau il n\u2019y a pas de boulot<br>Les enfants&nbsp;? Que vont devenir les enfants<br>Tous les journaux disent&nbsp;: finie la manne<br>Il n\u2019y en a que pour l\u2019Allemagne et consort<br>Est-il encore possible de sortir la t\u00eate hors de l\u2019eau&nbsp;?<\/p>\n\n\n\n<p>La peur de tout et de rien<br>De la mort cette fin de parcours in\u00e9luctable<br>De la vie avec ses mouvements impr\u00e9visibles<br>De l\u2019accident qui guette au coin de la rue<br>D\u2019un mal de ventre banal&nbsp;: et si c\u2019\u00e9tait un cancer&nbsp;?<\/p>\n\n\n\n<p>N\u2019ayez pas peur disait-il<br>Tant de merveilles vous entourent<br>Et quoi de plus beau que le soleil<br>Si le temps vire \u00e0 l\u2019enfer continuez d\u2019avancer<br>Cueillez les fleurs et le miracle de l\u2019instant<br>Laissez-vous aller dans le myst\u00e8re des choses<br>N\u2019ayez pas peur disait-il<\/p>\n\n\n\n<hr class=\"wp-block-separator has-alpha-channel-opacity\"\/>\n\n\n\n<p><strong>Il aurait voulu lui offrir des fleurs<\/strong><\/p>\n\n\n\n<p>Il aurait voulu lui offrir des fleurs<br>Des hibiscus mauves et des orchid\u00e9es<br>Des violettes perl\u00e9es de fines ros\u00e9es<\/p>\n\n\n\n<p>Il aurait voulu lui offrir des fleurs<br>Des impatientes jaunes et blanches<br>Des jacinthes d\u2019eau et des pervenches<\/p>\n\n\n\n<p>Il aurait voulu lui offrir des fleurs<br>Des alpinias rouges et des b\u00e9gonias<br>Des amaryllis roses et des saintpaulias<\/p>\n\n\n\n<p>L\u2019homme s\u2019approcha de la femme<br>Et lentement \u00e0 voix basse murmura<br>\u00ab&nbsp;Je suis le Petit Prince<br>Je voudrais vous offrir des \u00e9toiles&nbsp;\u00bb<\/p>\n\n\n\n<p>Ce fut un coup de foudre<br>Un coup d\u2019amour un coup d\u2019\u00e9clair<br>Un fracas dans le c\u0153ur<br>L\u2019homme debout perdu dans le paradis bleu<br>De ce visage le regard de l\u2019\u00c9trang\u00e8re<\/p>\n\n\n\n<hr class=\"wp-block-separator has-alpha-channel-opacity\"\/>\n\n\n\n<p><strong>La maison familiale<\/strong><\/p>\n\n\n\n<p>La maison<br>Avec ses souvenirs<br>Cach\u00e9s au fond du c\u0153ur<br>Et de la m\u00e9moire<br>Depuis des ann\u00e9es et des ann\u00e9es<br>Auparavant.<\/p>\n\n\n\n<p>Le p\u00e8re maintenant<br>Dans l\u2019hiver de l\u2019\u00e2ge<br>Marche \u00e0 pas tremblotants<br>Et la femme \u00e0 ses c\u00f4t\u00e9s<br>La m\u00e8re vieillissante<br>Vieillissante.<\/p>\n\n\n\n<p>La maison<br>Avec les moisissures du temps<br>Ses odeurs les tisanes<br>Aux m\u00eames heures<br>Les regards et les gestes sans visage<br>La maison aussi qui prend de l\u2019\u00e2ge<br>Les paroles le long des murs<br>Entre deux portes<br>Des \u00e9clats de voix qui s\u2019\u00e9teignent<br>Au fil de l\u2019inutilit\u00e9 des choses<br>Comme des loupiotes \u00e9vanescentes.<\/p>\n\n\n\n<p>La maison<br>Avec ses rides et ses l\u00e9zardes<br>Le temps qui guette<br>Qui s\u2019\u00e9coule inexorablement<br>Comme un fleuve fatigu\u00e9.<br>La m\u00e8re un peu plus vieille<br>D\u2019un instant \u00e0 l\u2019autre<br>Entre deux soupirs.<br>Dans son fauteuil balan\u00e7oire<br>Elle parle au chat couch\u00e9 sur ses genoux.<br>Elle raconte cent fois des histoires<br>Que le chat conna\u00eet d\u00e9j\u00e0.<\/p>\n\n\n\n<p>La maison<br>Les ann\u00e9es bleues les ann\u00e9es roses<br>C\u2019\u00e9taient nagu\u00e8re<br>Des cris d\u2019enfants des jeux fracassants<br>Des fen\u00eatres qui claquaient \u00e0 double battant<br>Le petit chien aux trousses jappant aboyant.<br>La vie \u00e9claboussait de toutes parts.<br>Une jeune femme devant la porte<br>Dans sa robe de printemps<br>Frappait des mains et criait&nbsp;: Doucement les enfants&nbsp;!<br>Elle frappait des mains comme un c\u0153ur qui bat<br>C\u2019\u00e9tait autrefois<br>Dans les habits en fleurs de sa jeunesse.<br>La maison<br>Par ces temps qui courent<br>Les journ\u00e9es lentes et tristes le silence<br>Le p\u00e8re et la m\u00e8re<br>Dans l\u2019agonie des r\u00e9miniscences<br>Deux chaises c\u00f4te \u00e0 c\u00f4te<br>Au soleil du jour qui d\u00e9cline.<br>D\u00e9j\u00e0 peut-\u00eatre<br>Deux \u00e9ternit\u00e9s<br>C\u00f4te \u00e0 c\u00f4te<br>Au cr\u00e9puscule qui lentement enveloppe.<\/p>\n\n\n\n<hr class=\"wp-block-separator has-alpha-channel-opacity\"\/>\n\n\n\n<p><strong>C\u2019est la vie<\/strong><\/p>\n\n\n\n<p>Ca commence comme une caresse<br>Ca finit comme un couperet<br>Ca vient comme une acclamation<br>Ca finit comme une d\u00e9solation<br>Ca vous p\u00e9n\u00e8tre comme une aiguille<br>Ca irradie comme une ivresse<\/p>\n\n\n\n<p>Ca va<br>Ca vient<br>Au petit bonheur du jour<br>Pendule balancier<br>Imperturbable sablier<br>Aujourd\u2019hui envol de grains de riz<br>Demain coul\u00e9es de larmes am\u00e8res<\/p>\n\n\n\n<p>Ca va<br>Ca vient<br>Au petit bonheur la joie<br>Au petit malheur le deuil<br>Et \u00e7a s\u2019incruste dans la peau<br>Au plus tendre de la chair<br>Et \u00e7a trace sur les chemins du p\u00e8lerinage<br>Des labyrinthes de blessures et de cicatrices<br>Et \u00e7a blanchit au niveau du cortex<br>Et \u00e7a s\u2019accumule sur le vertex<br>Et \u00e7a s\u2019arcboute sur des cannes de bois<br>Ca plie encore mais ne rompt pas<\/p>\n\n\n\n<p>Ca va<br>Ca vient<br>L\u2019automne et puis l\u2019hiver<br>On n\u2019y peut rien<\/p>\n\n\n\n<p>Ca va<br>Ca vient<br>Berceau et puis tombeau<br>On dit que c\u2019est la vie.<\/p>\n\n\n\n<hr class=\"wp-block-separator has-alpha-channel-opacity\"\/>\n\n\n\n<p><strong>Mandela<\/strong><br><strong>L\u2019arc-en-ciel<\/strong><\/p>\n\n\n\n<p>Apartheid no! Apartheid no!<br>One man one vote! One man one vote!<\/p>\n\n\n\n<p>On l\u2019appelait Rolihlahla Mandela<br>Homme des temp\u00eates n\u00e9 dans l\u2019ouragan de l\u2019Histoire<br>On l\u2019appelait Madiba Mandela<br>Homme de courage habill\u00e9 de fiert\u00e9 et de patience<br>On l\u2019appelait Dalibunga Mandela<br>Homme dont la t\u00eate porte une couronne de soleil.<\/p>\n\n\n\n<p>Premier Noir en habit d\u2019avocat \u00e0 Johannesburg<br>Il \u00e9tait de tous les combats il \u00e9tait sur tous les fronts.<br>Tour \u00e0 tour Mahatma Gandhi ou Martin Luther King<\/p>\n\n\n\n<p>Apartheid no! Apartheid no!<br>One man one vote! One man one vote !<\/p>\n\n\n\n<p>Nul doute qu\u2019il d\u00e9rangeait. On le jeta en prison.<br>Il devint matricule 46664 sous la f\u00e9rule et les injures<br>Dans les mines de chaux dans les carri\u00e8res de pierre<br>Condamn\u00e9 aux travaux forc\u00e9s blanchi dans la poussi\u00e8re.<br>Qu\u2019importe&nbsp;! N\u2019est-il pas homme de courage et de fiert\u00e9&nbsp;?<br>Qu\u2019importe&nbsp;! M\u00eame si cela devait durer vingt-sept ann\u00e9es.<\/p>\n\n\n\n<p>Apartheid no! Apartheid no!<br>One man one vote! One man one vote !<\/p>\n\n\n\n<p>Nul ne peut arr\u00eater la marche in\u00e9luctable de l\u2019Histoire<br>Voici en ce jour m\u00e9morable Mandela et Frederik de Klerk<br>Main blanche main noire unies dans l\u2019espoir et la dignit\u00e9<br>Deux regards tourn\u00e9s vers les r\u00eaves de la prochaine aurore.<\/p>\n\n\n\n<p>Nul ne peut arr\u00eater la marche implacable du destin<br>Voici l\u2019enfant de Mvezo Commandeur de haut lignage<br>Vieux sage guide d\u2019un peuple multitude et pluriel<br>Porteur des mots qui disent la r\u00e9conciliation et le pardon<br>La voix du griot chantant la paix et la fraternit\u00e9 du partage<\/p>\n\n\n\n<p>Nelson Mandela<br>Rolihlahla Mandela<br>Madiba Mandela<br>Dalibunga Mandela<\/p>\n\n\n\n<p>E n ce dimanche quinze d\u00e9cembre deux mille treize<br>Au moment o\u00f9 le soleil brille de mille \u00e9clats au z\u00e9nith<br>Les princes d\u2019Orient et d\u2019Occident t\u2019accompagnent.<br>Ils regardent le vide que tu laisses derri\u00e8re toi.<br>Ils acclament ton action et les chemins arides.<br>Ils pleurent des larmes sur la mort de ton sourire.<\/p>\n\n\n\n<p>\u00d4 Mandela<br>C\u2019est la fin du parcours la fin de la longue marche.<br>Dors en paix au milieu des collines de ton enfance<br>Dors en paix dans le silence du ciel et des \u00e9toiles<br>\u00d4 berger incomparable<br>Tu as men\u00e9 le troupeau jusqu\u2019\u00e0 l\u2019arc-en-ciel&nbsp;!<br>Qu\u2019une pluie de b\u00e9n\u00e9dictions tombe sur ton linceul&nbsp;!<br>Nelson Mandela<br>Rolihlahla Mandela<br>Madiba Mandela<br>Dalibunga Mandela<\/p>\n\n\n\n<hr class=\"wp-block-separator has-alpha-channel-opacity\"\/>\n\n\n\n<p><strong>Ma parole<\/strong><\/p>\n\n\n\n<p>Laisse-moi dire ma parole<br>Laisse-moi dire ma v\u00e9rit\u00e9<br>Tu ne peux pas me r\u00e9duire au silence<\/p>\n\n\n\n<p>Tu peux br\u00fbler ma maison<br>Et jusqu\u2019au dernier v\u00eatement<br>Tu peux br\u00fbler mes champs<br>Et m\u00eame la prochaine moisson<br>Tu ne peux pas me r\u00e9duire au silence<\/p>\n\n\n\n<p>Tu peux m\u2019\u00e9craser sous tes bottes<br>M\u2019enfermer dans le noir d\u2019un cachot<br>Tu peux me jeter dans un asile d\u2019ali\u00e9n\u00e9s<br>M\u2019abandonner dans un camp barbel\u00e9<br>Tu ne peux pas me r\u00e9duire au silence<\/p>\n\n\n\n<p>Tu peux me d\u00e9porter de goulag en goulag<br>M\u2019embarquer d\u2019archipel en archipel<br>Tu peux pr\u00e9texter de ton dieu de ta religion<br>Pour inventer la barbarie et les Sib\u00e9ries<br>Tu ne peux pas me r\u00e9duire au silence<\/p>\n\n\n\n<p>Tu peux me tra\u00eener dans une boue de mensonges<br>Ordonner les tortures et les lapidations<br>Tu peux fomenter les complots et les pogroms<br>Signer de ta main le d\u00e9cret de ma d\u00e9portation<br>Tu ne peux pas me r\u00e9duire au silence<\/p>\n\n\n\n<p>Je ne sais qui tu es tyran ou assassin<br>Commandant supr\u00eame ou Ayatollah<br>Inquisiteur ou sanguinaire potentat<br>Tu \u00e9touffes les id\u00e9es pour tuer le Verbe<br>Tu \u00e9touffes les id\u00e9es pour tuer le Verbe<br>Laisse-moi dire ma parole<br>Laisse-moi dire ma v\u00e9rit\u00e9<br>Tu ne peux pas me r\u00e9duire au silence<\/p>\n\n\n\n<hr class=\"wp-block-separator has-alpha-channel-opacity\"\/>\n\n\n\n<p><strong>Je te dessinerai un r\u00eave<\/strong><\/p>\n\n\n\n<p>Je te dessinerai un r\u00eave<br>Dans la grenade m\u00fbre de tes l\u00e8vres<br>Je te dessinerai un r\u00eave<br>Dans le galbe tendre de tes seins<br>Je te dessinerai un r\u00eave<br>Dans la cascade cristalline de ton rire<br>Je te dessinerai un r\u00eave<br>Dans le vent \u00e9tourdi sous la robe<br>Je te dessinerai un r\u00eave<br>Dans l\u2019obscurit\u00e9 de tes hanches<br>Je te dessinerai un r\u00eave<br>Dans le duvet frileux du triangle<br>Je te dessinerai un r\u00eave<br>Dans l\u2019abandon de ta peau qui frissonne<br>Je te dessinerai un r\u00eave<br>Avant que ton corps \u00e9pouse la nuit rouge<\/p>\n","protected":false},"excerpt":{"rendered":"<p>Editeur&nbsp;: Acoria Date de publication&nbsp;: 2014 EXTRAITS Chemins initiatiques Tes \u00e2ges sur le parcours et les al\u00e9as du destinSont parsem\u00e9s de bornes comme des \u00e9tapesEt funambule tu avances seul de rite en ritePar les passages obscurs par les itin\u00e9raires oblig\u00e9s Homme \u2013 apprenti en devenir de savoir \u00eatreTu marches inlassable sur des routes aveuglesA la [&hellip;]<\/p>\n","protected":false},"author":1,"featured_media":0,"parent":95,"menu_order":0,"comment_status":"closed","ping_status":"closed","template":"","meta":{"footnotes":""},"class_list":["post-212","page","type-page","status-publish","czr-hentry"],"_links":{"self":[{"href":"https:\/\/barnabelaye.com\/es\/wp-json\/wp\/v2\/pages\/212","targetHints":{"allow":["GET"]}}],"collection":[{"href":"https:\/\/barnabelaye.com\/es\/wp-json\/wp\/v2\/pages"}],"about":[{"href":"https:\/\/barnabelaye.com\/es\/wp-json\/wp\/v2\/types\/page"}],"author":[{"embeddable":true,"href":"https:\/\/barnabelaye.com\/es\/wp-json\/wp\/v2\/users\/1"}],"replies":[{"embeddable":true,"href":"https:\/\/barnabelaye.com\/es\/wp-json\/wp\/v2\/comments?post=212"}],"version-history":[{"count":1,"href":"https:\/\/barnabelaye.com\/es\/wp-json\/wp\/v2\/pages\/212\/revisions"}],"predecessor-version":[{"id":214,"href":"https:\/\/barnabelaye.com\/es\/wp-json\/wp\/v2\/pages\/212\/revisions\/214"}],"up":[{"embeddable":true,"href":"https:\/\/barnabelaye.com\/es\/wp-json\/wp\/v2\/pages\/95"}],"wp:attachment":[{"href":"https:\/\/barnabelaye.com\/es\/wp-json\/wp\/v2\/media?parent=212"}],"curies":[{"name":"wp","href":"https:\/\/api.w.org\/{rel}","templated":true}]}}