{"id":208,"date":"2025-05-24T19:41:02","date_gmt":"2025-05-24T17:41:02","guid":{"rendered":"https:\/\/barnabelaye.com\/fr\/?page_id=208"},"modified":"2025-05-24T19:41:02","modified_gmt":"2025-05-24T17:41:02","slug":"par-temps-de-doute-et-dimmobile-silence","status":"publish","type":"page","link":"https:\/\/barnabelaye.com\/es\/bibliographie\/par-temps-de-doute-et-dimmobile-silence\/","title":{"rendered":"Par temps de doute et d\u2019immobile silence"},"content":{"rendered":"<div class=\"wp-block-image\">\n<figure class=\"alignleft size-full is-resized\"><img loading=\"lazy\" decoding=\"async\" width=\"602\" height=\"978\" src=\"https:\/\/barnabelaye.com\/wp-content\/uploads\/2025\/05\/9782355721137r.jpg\" alt=\"\" class=\"wp-image-209\" style=\"width:267px;height:auto\" srcset=\"https:\/\/barnabelaye.com\/wp-content\/uploads\/2025\/05\/9782355721137r.jpg 602w, https:\/\/barnabelaye.com\/wp-content\/uploads\/2025\/05\/9782355721137r-185x300.jpg 185w\" sizes=\"auto, (max-width: 602px) 100vw, 602px\" \/><\/figure>\n<\/div>\n\n\n<p><strong>Editeur :<\/strong> Acoria \/ Arghos (num\u00e9rique)<\/p>\n\n\n\n<p><strong>Date de publication\u00a0:<\/strong> 2013 \/ 2012<\/p>\n\n\n\n<p><\/p>\n\n\n\n<h1 class=\"wp-block-heading\">Extraits<\/h1>\n\n\n\n<p>Tu t\u2019\u00e9tires comme un long serpent<br>De pur m\u00e9tal entre bronze et verdure<br>Les chameliers saouls de d\u00e9sert et de vents<br>Viennent s\u2019agenouiller \u00e0 l\u2019ombre de tes l\u00e8vres<br>Et tu coules entre leurs doigts dans les herbes<br>Abreuvant la barbe les cheveux et les yeux<br>Avant que ne retentisse l\u2019appel \u00e0 la pri\u00e8re<br>Tombant du haut d\u2019un minaret de tchador bleu<\/p>\n\n\n\n<p>\u00d4 Nil<br>Je viens vers toi<br>Comme en p\u00e8lerinage aux sources des origines<br>On me dit&nbsp;: les Anc\u00eatres sont partis des bords de tes rives<br>Des royaumes de Koush de Napa et de M\u00e9ro\u00e9<br>Fuyant les p\u00e2turages que le sel br\u00fble<br>Fuyant le feu du Sahara inexorable et cruel<\/p>\n\n\n\n<p>Je viens vers toi<br>Pour plonger dans tes coul\u00e9es profondes<br>Pour me noyer au plus profond de ton ventre<br>\u00d4 Nil<\/p>\n\n\n\n<p>\u00d4 Nil<br>Voici Louqsor joyau de pierres nobles<br>Les pluies de myosotis et d\u2019euphorbes mauves<br>Caressent la fra\u00eecheur de tes flancs<\/p>\n\n\n\n<p>Voici le temple de Karnak par\u00e9 \u00e0 la saison propice<br>Temple d\u2019Amon-R\u00ea en la fertile pr\u00e9sence de Mout<br>La d\u00e9esse la m\u00e8re v\u00e9n\u00e9r\u00e9e l\u2019\u00e9pouse incomparable<br>Gravir les marches et toucher de mes mains les colonnes mill\u00e9naires<br>Entendre les pierres r\u00e9sonner des \u00e9chos des splendeurs d\u2019antan<\/p>\n\n\n\n<p>Ce soir je viens vers toi fleuve<br>Baigner dans tes entrailles pour rena\u00eetre<br>Dans le silence de la nuit profonde<br>Nous avons tant de choses \u00e0 nous dire<\/p>\n\n\n\n<p>Convoque je t\u2019en prie les pharaons et les reines<br>Les princes et les princesses et autres dignitaires<br>Cinq mille ans d\u2019histoire ce n\u2019est pas rien<br>Qu\u2019ils viennent \u00e0 nous tous les Rams\u00e8s<br>Jusqu\u2019au onzi\u00e8me du nom<br>Qu\u2019ils viennent tous les Am\u00e9nophis<br>Et d\u2019autres encore dont j\u2019ignore le nom<\/p>\n\n\n\n<p>A la d\u00e9chirure des t\u00e9n\u00e8bres une voix d\u2019outre-tombe<br>Une voix venue de partout et de nulle part<br>Une voix v\u00eatue d\u2019obscur et d\u2019Au-del\u00e0<br>R\u00e9sonne au milieu des joncs et des roseaux<\/p>\n\n\n\n<p>\u00ab&nbsp;\u00c9coute ma parole<br>Allume toutes les couleurs de ton c\u0153ur<br>Et contemple le vol du passereau au lever du soleil<br>Le chemin conduit \u00e0 la crois\u00e9e des routes<br>Le vrai chemin m\u00e8ne vers soi<br>Flux et reflux toujours la saison des m\u00e9tamorphoses<br>Toujours la saison des m\u00e9tamorphoses&nbsp;\u00bb.<\/p>\n\n\n\n<hr class=\"wp-block-separator has-alpha-channel-opacity\"\/>\n\n\n\n<p>\u00d4 fleuve-m\u00e8re<br>Je le sais<br>Le voyage est un retour \u00e0 l\u2019essentiel<br>Je le sais<br>Chaque jour est \u00e0 lui seul une vie<br>Je marche infatigable du matin au soir<br>Sur les routes qui m\u00e8nent \u00e0 toi<br>Ils courent sur tes rives joyeuses<br>Des gamins s\u00e9raphins aux visages purs<br>Clapotant dans tes eaux sous le soleil ardent<br>D\u2019Assouan \u00e0 Abou- Simbel<br>D\u2019Edfou \u00e0 Nag- Hammadi<br>Et<br>Moi<br>Voyageur<br>Sur les sentiers du p\u00e8lerinage<br>Je viens dormir pr\u00e8s de toi<br>Pour me laisser bercer par tes refrains<br>Au rythme des sistres et des tambourins<br>Comme autrefois \u00e0 la saison des semailles<\/p>\n\n\n\n<p>Je voudrais t\u2019entendre chanter<br>Que tes m\u00e9lodies s\u2019envolent comme des colombes<br>Dans la nuit de silence et d\u2019\u00e9toiles \u00e9clatantes<br>Et que les danseuses les cymbales les cithares explosent<\/p>\n\n\n\n<p>Les palombes par centaines valsent au-dessus des pal\u00e9tuviers<\/p>\n\n\n\n<p>En bordure de l\u2019onde dansent \u00e0 l\u2019envi<br>Les cyclamens et les pers\u00e9as de Th\u00e9ba\u00efde<br>Fr\u00e9missent les ca\u00eflc\u00e9drats et les eucalyptus<br>Et puis passent et repassent les graciles dana\u00efdes<br>Qui se balancent comme en un bain de jouvence<br>Avant que les hautes eaux coulent vers la soif des terres chaudes<\/p>\n\n\n\n<p>Les m\u00e8res donnent aux fr\u00eales nourrissons<br>Comme on offre un sein fervent<br>La coupe d\u2019argent pleine de l\u2019eau nouvelle<br>Eau de vie purifiant le c\u0153ur et l\u2019\u00e2me enfantine<br>Eau f\u00e9conde irradiant les sentiers du corps<br>Eau du Nil<br>En cette saison de fleuve haut<br>Belle eau<\/p>\n\n\n\n<p>Et<br>Moi<br>Voyageur<br>Vers quel mont vers quel sanctuaire<br>Vers quel orient diriger mes pas<br>Sinon venir pr\u00e8s de tes flancs<br>Fleuve des origines fleuve-m\u00e8re<br>Qui d\u2019autre pourrait me r\u00e9v\u00e9ler ma V\u00e9rit\u00e9<br>Pourquoi ce destin sombre ce destin mien<br>Dans son habit de malheurs et d\u2019opprobres<br>Camisole sur un pass\u00e9 de gal\u00e8res et de cha\u00eenes<br>O Nil<br>Maintenant je pleure en marchant sur tes rives<br>Abandonn\u00e9 perdu dans mes noires r\u00eaveries<br>Que me dis-tu dans les songes de profond sommeil<br>Avec ta voix sourde venue des profondeurs<\/p>\n\n\n\n<p>\u00ab&nbsp;\u2026Sous la cendre couvent les derni\u00e8res braises<br>L\u2019espoir couve sous la cendre&nbsp;\u00bb<\/p>\n\n\n\n<p>Que veux-tu me dire fleuve-m\u00e8re&nbsp;?<br>D\u00e9j\u00e0 tu te lances dans une coul\u00e9e de mots<br>Qui m\u2019envahissent et me submergent<\/p>\n\n\n\n<p>\u00ab&nbsp;\u2026Peut-\u00eatre qu\u2019un matin, pourquoi pas ce matin-ci<br>un coq debout sur ses ergots lancera son chant<br>pour d\u00e9plorer le silence des \u00e9toiles. Et le vent en rafales<br>dispersera les messages des temps imm\u00e9moriaux<br>N\u2019oublie pas les mots du proverbe<br>Nul ne conna\u00eet l\u2019histoire de la prochaine aurore&nbsp;\u00bb<\/p>\n\n\n\n<p>Toi<br>Voyageur<br>Qui aux bords de mes eaux<br>Interroge le destin<br>\u00c9coute ma parole<\/p>\n\n\n\n<p>Quitte la mangrove des lamentations et des r\u00e9signations<br>Sors de l\u2019\u00e9paisse for\u00eat qui t\u2019obscurcit l\u2019horizon<br>Et puis monte sur les \u00e9paules des Anc\u00eatres pour voir plus loin<br>Renais aux temps premiers comme en un nouveau printemps<br>Et nourris-toi de s\u00e8ves anciennes toujours nouvelles<\/p>\n\n\n\n<p>Monte sur les \u00e9paules des Anc\u00eatres monte<br>Tu d\u00e9couvriras ce que cache le soleil qui se couche<br>De l\u2019autre c\u00f4t\u00e9 de la montagne de l\u2019autre c\u00f4t\u00e9 de l\u2019horizon<\/p>\n\n\n\n<p>Toi<br>Voyageur<br>A la recherche de la V\u00e9rit\u00e9<br>\u00c9coute ma parole une fois derni\u00e8re<br>\u00ab&nbsp;Viens dans la fra\u00eecheur de l\u2019aube<br>Contempler le fr\u00e9missement du vent<br>Ferme les yeux sur ton pass\u00e9<br>Et marche au bord de l\u2019eau qui exalte la vie<\/p>\n\n\n\n<p>\u00c9coute ma parole comme un dernier oracle<br>Voyageur \u00e0 la recherche de la V\u00e9rit\u00e9<br>Maintenant regarde devant toi<br>De l\u2019autre c\u00f4t\u00e9 de la berge<br>Au milieu des nappes de brumes<br>Cela ressemble \u00e0 un lys<br>Ce n\u2019est pas un lys \u2013 fr\u00eale et svelte<br>Cela ressemble \u00e0 une rose<br>Ce n\u2019est pas une rose \u2013 tige longue fleur unique<br>Cela ressemble \u00e0 une ombre d\u2019eau qui frissonne<br>Cela ressemble \u00e0 une silhouette qui flotte<br>On dirait un voile encadrant un visage<br>On dirait le vent d\u00e9nudant une odalisque<br>On dirait une apparition dans la lueur de l\u2019aube<br>On dirait\u2026<br>Une FEMME<br>Et maintenant va \u00e0 sa rencontre va&nbsp;!<br>Une vraie rencontre est un destin&nbsp;\u00bb.<\/p>\n","protected":false},"excerpt":{"rendered":"<p>Editeur : Acoria \/ Arghos (num\u00e9rique) Date de publication\u00a0: 2013 \/ 2012 Extraits Tu t\u2019\u00e9tires comme un long serpentDe pur m\u00e9tal entre bronze et verdureLes chameliers saouls de d\u00e9sert et de ventsViennent s\u2019agenouiller \u00e0 l\u2019ombre de tes l\u00e8vresEt tu coules entre leurs doigts dans les herbesAbreuvant la barbe les cheveux et les yeuxAvant que ne [&hellip;]<\/p>\n","protected":false},"author":1,"featured_media":0,"parent":95,"menu_order":0,"comment_status":"closed","ping_status":"closed","template":"","meta":{"footnotes":""},"class_list":["post-208","page","type-page","status-publish","czr-hentry"],"_links":{"self":[{"href":"https:\/\/barnabelaye.com\/es\/wp-json\/wp\/v2\/pages\/208","targetHints":{"allow":["GET"]}}],"collection":[{"href":"https:\/\/barnabelaye.com\/es\/wp-json\/wp\/v2\/pages"}],"about":[{"href":"https:\/\/barnabelaye.com\/es\/wp-json\/wp\/v2\/types\/page"}],"author":[{"embeddable":true,"href":"https:\/\/barnabelaye.com\/es\/wp-json\/wp\/v2\/users\/1"}],"replies":[{"embeddable":true,"href":"https:\/\/barnabelaye.com\/es\/wp-json\/wp\/v2\/comments?post=208"}],"version-history":[{"count":1,"href":"https:\/\/barnabelaye.com\/es\/wp-json\/wp\/v2\/pages\/208\/revisions"}],"predecessor-version":[{"id":210,"href":"https:\/\/barnabelaye.com\/es\/wp-json\/wp\/v2\/pages\/208\/revisions\/210"}],"up":[{"embeddable":true,"href":"https:\/\/barnabelaye.com\/es\/wp-json\/wp\/v2\/pages\/95"}],"wp:attachment":[{"href":"https:\/\/barnabelaye.com\/es\/wp-json\/wp\/v2\/media?parent=208"}],"curies":[{"name":"wp","href":"https:\/\/api.w.org\/{rel}","templated":true}]}}