{"id":202,"date":"2025-05-24T19:35:00","date_gmt":"2025-05-24T17:35:00","guid":{"rendered":"https:\/\/barnabelaye.com\/fr\/?page_id=202"},"modified":"2025-05-24T19:35:00","modified_gmt":"2025-05-24T17:35:00","slug":"poemes-a-labsente","status":"publish","type":"page","link":"https:\/\/barnabelaye.com\/es\/bibliographie\/poemes-a-labsente\/","title":{"rendered":"Po\u00e8mes \u00e0 l\u2019Absente"},"content":{"rendered":"<div class=\"wp-block-image\">\n<figure class=\"alignleft size-full\"><img loading=\"lazy\" decoding=\"async\" width=\"205\" height=\"300\" src=\"https:\/\/barnabelaye.com\/wp-content\/uploads\/2025\/05\/couv_labsente.jpg\" alt=\"\" class=\"wp-image-203\" title=\"couv_poemes.jpg\"\/><\/figure>\n<\/div>\n\n\n<p><strong>Editeur&nbsp;:<\/strong> Acoria<\/p>\n\n\n\n<p><strong>Date de publication&nbsp;:<\/strong> 2010<\/p>\n\n\n\n<p><br><a href=\"https:\/\/web.archive.org\/web\/20200203093548\/http:\/\/www.acoria.net\/produit\/68509\/\" target=\"_blank\" rel=\"noreferrer noopener\"><\/a> <a href=\"https:\/\/web.archive.org\/web\/20200203093548\/http:\/\/livre.fnac.com\/a3042670\/Barnabe-Laye-Poemes-a-l-absente\" target=\"_blank\" rel=\"noreferrer noopener\"><\/a><\/p>\n\n\n\n<h1 class=\"wp-block-heading\">Extraits :<\/h1>\n\n\n\n<p><em>Hymne<\/em><br><em>Comme un chant de diable vauvert<\/em><br><em>L\u2019annonce faite \u00e0 la nuit d\u2019une aurore<\/em><br><em>A venir pour dissiper les t\u00e9n\u00e8bres<\/em><br><em>D\u00e9j\u00e0 les ombres se d\u00e9rident<\/em><br><em>Se fardent de clair-obscur<\/em><br><em>Dans l\u2019attente d\u2019un nouveau jour<\/em><br><em>Hymne<\/em><br><em>Comme un chant de lutte et de guerre<\/em><br><em>La promesse faite \u00e0 la nuit d\u2019une victoire<\/em><br><em>A venir pour dissiper le doute<\/em><br><em>L\u2019espoir a tant dur\u00e9 et l\u2019angoisse<\/em><br><em>Erre dans les rues de la ville<\/em><br><em>Hymne<\/em><br><em>Pour le vent<\/em><br><em>Un vent de nulle part<\/em><br><em>Oubli\u00e9 des orages et des temp\u00eates<\/em><br><em>La brise frissonnant dans les \u00e9glantiers<\/em><br><em>Une brise des bords de mer<\/em><br><em>Et des matins calmes<\/em><\/p>\n\n\n\n<p><em>Hymne<\/em><br><em>Comme un cantique au clair de la nuit<\/em><br><em>Que ce soit hymne \u00e0 la femme nue<\/em><br><em>Des jours d\u2019antan le regard d\u00e9rob\u00e9<\/em><br><em>Perdu entre dunes et foug\u00e8res<\/em><br><em>Ecoute mon chant<\/em><br><em>Au plus clair de la nuit<\/em><br><em>Qu\u2019importe le doute et l\u2019oubli<\/em><br><em>Ecoute mon chant<\/em><br><em>Le soir se perd<\/em><br><em>Dans la for\u00eat de tes sortil\u00e8ges<\/em><br><em>Dans tes yeux d\u2019agate et de jade<\/em><br><em>Le long voyage jusqu\u2019\u00e0 toi<\/em><br><em>Apr\u00e8s la travers\u00e9e des orages<\/em><br><em>Les ombres passent et repassent<\/em><br><em>Sur ta peau de frissons et de braises<\/em><br><em>Le parfum du d\u00e9sir et les p\u00e9tales<\/em><br><em>Flottant dans l\u2019air des roses<\/em><br><em>Les froufrous de la nuit \u00e9coutent aux portes<\/em><br><em>Chim\u00e8res ou offrandes<\/em><br><em>Nous n\u2019avons que nos r\u00eaves<\/em><br><em>Comme h\u00e9ritage<\/em><br><em>Et l\u2019aube est promesse<\/em><br><em>Pour un nouveau soleil<\/em><br><em>Et l\u2019aube est promesse<\/em><br><em>Pour une soif rebelle<\/em><\/p>\n\n\n\n<p><em>Femme<\/em><br><em>Tu en as tant aim\u00e9<\/em><br><em>De ces amants-l\u00e0 apparus<\/em><br><em>Au cr\u00e9puscule<\/em><br><em>Et que l\u2019aube \u00e0 peine lev\u00e9e<\/em><br><em>Effa\u00e7ait l\u2019image en m\u00eame temps<\/em><br><em>Que le souvenir.<\/em><br><em>Tu en as tant aim\u00e9<\/em><br><em>De ces enfants-l\u00e0 partis<\/em><br><em>De l\u2019autre c\u00f4t\u00e9 de la mer<\/em><br><em>Et que tes bras n\u2019entoureront plus<\/em><br><em>Comme au jour de l\u2019enfance<\/em><br><em>Tu en as tant aim\u00e9<\/em><br><em>De ces guerriers altiers<\/em><br><em>A la moustache conqu\u00e9rante<\/em><br><em>Et que la mort fauchait l\u00e0-bas<\/em><br><em>Comme des palombes<\/em><br><em>Tu en as tant aim\u00e9<\/em><br><em>De ces hommes-l\u00e0<\/em><br><em>Dont tu l\u00e9chais les blessures<\/em><br><em>Et les r\u00eaves<\/em><br><em>De ces hommes que tu cachais<\/em><br><em>Dans l\u2019alc\u00f4ve des souvenirs<\/em><br><em>Pour les d\u00e9rober \u00e0 la br\u00fblure du soleil<\/em><\/p>\n\n\n\n<p><em>Vivre avec toi<\/em><br><em>Le bord de la rivi\u00e8re<\/em><br><em>Les galets blancs et l\u2019eau<\/em><br><em>Sous le feuillage du matin ti\u00e8de<\/em><br><em>Vivre cet instant-l\u00e0<\/em><br><em>Lorsque tu rentres d\u00e9esse<\/em><br><em>Dans l\u2019onde \u00e0 peine fra\u00eeche<\/em><br><em>La caresse de l\u2019eau les frissons<\/em><\/p>\n\n\n\n<p><em>Vivre avec toi<\/em><br><em>Cet instant soleil<\/em><br><em>La rumeur de l\u2019aurore les oiseaux<\/em><br><em>Freinant leurs vols au-dessus<\/em><br><em>Des bambous des roseaux<\/em><br><em>Vivre avec toi<\/em><br><em>Les \u00e9clats de r\u00eaves les lumi\u00e8res<\/em><br><em>Toutes ces \u00e9claboussures de bonheur<\/em><br><em>Les grillons couleur de lavande et d\u2019eau<\/em><br><em>Et le long suintement glissant des cascades<\/em><br><em>Vivre avec toi<\/em><\/p>\n\n\n\n<p><em>Mais je sais<\/em><br><em>Un jour il faudra partir<\/em><br><em>Partir loin d\u2019ici<\/em><br><em>Loin de la rivi\u00e8re<\/em><br><em>Les galets blancs et l\u2019eau<\/em><br><em>Sous le feuillage du matin ti\u00e8de<\/em><br><em>Il faudra partir<\/em><br><em>Loin des cocotiers longilignes<\/em><\/p>\n\n\n\n<p><em>Je prie pour que la nuit vienne<\/em><br><em>Avec sa pirogue de r\u00eaves<\/em><br><em>Nous \u00e9couterons le vent et le chant<\/em><br><em>Des colious<\/em><br><em>Ta t\u00eate contre mon c\u0153ur<\/em><br><em>Tes yeux ferm\u00e9s sur je ne sais<\/em><br><em>Quels augures<\/em><br><em>Nous \u00e9couterons<\/em><br><em>Les m\u00e9lop\u00e9es de voix nocturnes<\/em><br><em>Noy\u00e9es d\u2019ombres et de myst\u00e8res<\/em><br><em>Les froissements des l\u00e8vres de la for\u00eat<\/em><br><em>Et la rumeur des animaux sauvages<\/em><br><em>Ta t\u00eate contre mon c\u0153ur<\/em><br><em>Tes yeux ferm\u00e9s sur je ne sais<\/em><br><em>Quels mirages<\/em><\/p>\n\n\n\n<p><em>Femme<\/em><br><em>Tu es<\/em><br><em>Ombre insaisissable<\/em><br><em>Lueur qui se d\u00e9robe<\/em><br><em>S\u2019\u00e9loigne<\/em><br><em>Et moi marcheur inlassable<\/em><br><em>Allant au devant d\u2019un mot<\/em><br><em>Allant au devant d\u2019un regard<\/em><br><em>Chasseur guettant le vent et le<\/em><br><em>Balancement de tes hanches<\/em><br><em>Que suis-je<\/em><br><em>Sans tes yeux<\/em><br><em>Sans ta voix<\/em><br><em>Sans ton cri<\/em><br><em>Que m\u2019importe les jonquilles<\/em><br><em>De Mai<\/em><br><em>Et le soleil ardent comme un \u00e9t\u00e9<\/em><br><em>Je cours apr\u00e8s ton ombre<\/em><br><em>Chim\u00e8re ou mirage je ne sais<\/em><\/p>\n\n\n\n<p><em>Tu disais<\/em><br><em>Je suis passion<\/em><br><em>Je suis flamme<\/em><br><em>Je br\u00fble je d\u00e9truis<\/em><br><em>Je suis fer et feu<\/em><br><em>Je suis femme<\/em><br><em>Homme&nbsp;! Va-t-en d\u2019ici&nbsp;!&nbsp;<\/em><\/p>\n\n\n\n<p><em>Tu disais<\/em><br><em>Je suis folie<\/em><br><em>Je suis d\u00e9mesure<\/em><br><em>Je suis Eve et H\u00e9rodias<\/em><br><em>Je suis d\u00e9esse et princesse<\/em><br><em>Je suis femme<\/em><br><em>Homme ! Qu\u2019attends-tu de moi ?<\/em><br><em>Courage ! Va-t-en d\u2019ici&nbsp;!<\/em><\/p>\n\n\n\n<p><em>Tu disais<\/em><br><em>Je suis ardeur<\/em><br><em>Je suis chaleur<\/em><br><em>Je suis d\u00e9sir<\/em><br><em>Je suis \u00e9treinte<\/em><br><em>Je suis femme<\/em><br><em>Homme ! Que fais-tu l\u00e0&nbsp;?<\/em><br><em>Voici tes cha\u00eenes\u2026<\/em><br><em>Viens<\/em><br><em>Je suis un songe !<\/em><\/p>\n","protected":false},"excerpt":{"rendered":"<p>Editeur&nbsp;: Acoria Date de publication&nbsp;: 2010 Extraits : HymneComme un chant de diable vauvertL\u2019annonce faite \u00e0 la nuit d\u2019une auroreA venir pour dissiper les t\u00e9n\u00e8bresD\u00e9j\u00e0 les ombres se d\u00e9ridentSe fardent de clair-obscurDans l\u2019attente d\u2019un nouveau jourHymneComme un chant de lutte et de guerreLa promesse faite \u00e0 la nuit d\u2019une victoireA venir pour dissiper le douteL\u2019espoir [&hellip;]<\/p>\n","protected":false},"author":1,"featured_media":0,"parent":95,"menu_order":0,"comment_status":"closed","ping_status":"closed","template":"","meta":{"footnotes":""},"class_list":["post-202","page","type-page","status-publish","czr-hentry"],"_links":{"self":[{"href":"https:\/\/barnabelaye.com\/es\/wp-json\/wp\/v2\/pages\/202","targetHints":{"allow":["GET"]}}],"collection":[{"href":"https:\/\/barnabelaye.com\/es\/wp-json\/wp\/v2\/pages"}],"about":[{"href":"https:\/\/barnabelaye.com\/es\/wp-json\/wp\/v2\/types\/page"}],"author":[{"embeddable":true,"href":"https:\/\/barnabelaye.com\/es\/wp-json\/wp\/v2\/users\/1"}],"replies":[{"embeddable":true,"href":"https:\/\/barnabelaye.com\/es\/wp-json\/wp\/v2\/comments?post=202"}],"version-history":[{"count":1,"href":"https:\/\/barnabelaye.com\/es\/wp-json\/wp\/v2\/pages\/202\/revisions"}],"predecessor-version":[{"id":204,"href":"https:\/\/barnabelaye.com\/es\/wp-json\/wp\/v2\/pages\/202\/revisions\/204"}],"up":[{"embeddable":true,"href":"https:\/\/barnabelaye.com\/es\/wp-json\/wp\/v2\/pages\/95"}],"wp:attachment":[{"href":"https:\/\/barnabelaye.com\/es\/wp-json\/wp\/v2\/media?parent=202"}],"curies":[{"name":"wp","href":"https:\/\/api.w.org\/{rel}","templated":true}]}}