{"id":190,"date":"2025-05-24T19:29:49","date_gmt":"2025-05-24T17:29:49","guid":{"rendered":"https:\/\/barnabelaye.com\/fr\/?page_id=190"},"modified":"2025-05-24T19:29:49","modified_gmt":"2025-05-24T17:29:49","slug":"nostalgie-des-jours-qui-passent","status":"publish","type":"page","link":"https:\/\/barnabelaye.com\/es\/bibliographie\/nostalgie-des-jours-qui-passent\/","title":{"rendered":"Nostalgie des jours qui passent"},"content":{"rendered":"<div class=\"wp-block-image\">\n<figure class=\"alignleft size-full\"><img loading=\"lazy\" decoding=\"async\" width=\"200\" height=\"300\" src=\"https:\/\/barnabelaye.com\/wp-content\/uploads\/2025\/05\/couv_nostalgie.jpg\" alt=\"\" class=\"wp-image-191\" title=\"couv_nostalgie\"\/><\/figure>\n<\/div>\n\n\n<p><strong>Editeur&nbsp;:<\/strong> Silex<\/p>\n\n\n\n<p><strong>Date de publication&nbsp;:<\/strong> 1981<\/p>\n\n\n\n<h1 class=\"wp-block-heading\">Extraits :<\/h1>\n\n\n\n<p><em><strong>LES MOTS<\/strong><\/em><\/p>\n\n\n\n<p><em>Des mots d\u2019amour<\/em><br><em>Des mots de toujours<\/em><br><em>Des mots qui font plaisir<\/em><br><em>Des mots qui font rougir<\/em><br><em>Il faut dire des mots<\/em><\/p>\n\n\n\n<p><em>Des mots qu\u2019on aime entendre<\/em><br><em>Des mots comme tendresse<\/em><br><em>Des mots comme caresse<\/em><br><em>Des mots comme \u00ab&nbsp;Reviens-moi vite&nbsp;\u00bb<\/em><br><em>Il faut dire des mots<\/em><\/p>\n\n\n\n<p><em>Des mots qui font pleurer<\/em><br><em>Des mots qui font g\u00e9mir<\/em><br><em>Des mots qui font souffrir<\/em><br><em>Des mots comme \u00ab&nbsp;Va-t-en, je ne t\u2019aime plus&nbsp;\u00bb<\/em><br><em>Faut-il dire ces mots&nbsp;?<\/em><\/p>\n\n\n\n<p><em>Des mots de rien du tout<\/em><br><em>Des mots pour ne rien dire<\/em><br><em>Des mots pour rompre la glace<\/em><br><em>Des mots simples pour rire<\/em><br><em>Il faut dire des mots<\/em><\/p>\n\n\n\n<p><em>Des mots d\u2019enfants<\/em><br><em>Des mots b\u00eab\u00eates<\/em><br><em>Des mots imb\u00e9ciles<\/em><br><em>Des mots d\u00e9biles<\/em><br><em>Il faut dire des mots<\/em><\/p>\n\n\n\n<p><em>Des mots qui blessent<\/em><br><em>Des mots assassins<\/em><br><em>Des mots sans appel<\/em><br><em>Des mots impardonnables<\/em><br><em>Faut-il dire ces mots&nbsp;?<\/em><\/p>\n\n\n\n<p><em>Car les mots<\/em><br><em>Ce sont des fleurs<\/em><br><em>des sourires<\/em><br><em>des pleurs<\/em><br><em>des poignards<\/em><br><em>des regards<\/em><br><em>des mains qui se touchent<\/em><br><em>des regards qui se croisent<\/em><br><em>des armes miraculeuses.<\/em><\/p>\n\n\n\n<p><strong><em>OFFRANDE<\/em><\/strong><\/p>\n\n\n\n<p><em>Voici des fleurs,<\/em><br><em>Des hibiscus mauves et blancs<\/em><br><em>Des allamandas jaunes perl\u00e9es de fines ros\u00e9es.<\/em><\/p>\n\n\n\n<p><em>Reconnais-tu le balisier rouge<\/em><br><em>Dress\u00e9 fi\u00e8rement sur ses ergots&nbsp;?<\/em><br><em>Non&nbsp;! Ce n\u2019est pas Alpinia des Iles du Pacifique.<\/em><\/p>\n\n\n\n<p><em>Ce sont,<\/em><br><em>Des n\u00e9nuphars \u00e0 fleurs blanches<\/em><br><em>Ouvertes le jour pour saluer le soleil<\/em><br><em>Ferm\u00e9es la nuit dans un profond sommeil<\/em><\/p>\n\n\n\n<p><em>Regarde cette jacinthe d\u2019eau<\/em><br><em>Aux p\u00e9tioles de velours<\/em><br><em>Je n\u2019ai pas trouv\u00e9 d\u2019Ipomea<\/em><br><em>Ni de petits cacias des Iles Vierges.<\/em><\/p>\n\n\n\n<p><em>Ce sont<\/em><br><em>Des impatiences rouges<\/em><br><em>M\u00eal\u00e9es \u00e0 des orchid\u00e9es bariol\u00e9es<\/em><br><em>Que bordent de splendides bougainvill\u00e9es.<\/em><\/p>\n\n\n\n<p><em>Voici des fleurs des Antilles.<\/em><\/p>\n\n\n\n<p><strong><em>GLISSEMENT PROGRESSIF<\/em><\/strong><\/p>\n\n\n\n<p><em>L\u00e0.<\/em><br><em>Tout pr\u00e8s<\/em><br><em>De ton c\u0153ur<\/em><br><em>Mes bras autour<\/em><br><em>De tes seins tremblants<\/em><br><em>Ton ventre contre mon corps<\/em><br><em>Le parfum de tes aisselles<\/em><br><em>Poivre-girofle et muscade<\/em><br><em>Tu me regardes de tes yeux verts<\/em><br><em>Un l\u00e9ger sourire vite r\u00e9prim\u00e9<\/em><br><em>Et tu \u00e9teins d\u2019une main la lampe<\/em><br><em>Cette lampe qui brillait d\u2019un \u00e9clat indiscret<\/em><br><em>Et c\u2019est alors que les choses s\u00e9rieuses commencent<\/em><br><em>Brusquement te voil\u00e0 \u00e0 califourchon sur mes hanches<\/em><br><em>Tes seins de nacre galb\u00e9s qui me fixent avec arrogance<\/em><br><em>Alors je tends les bras et mes mains qui s\u2019affolent d\u00e9j\u00e0 les entourent<\/em><br><em>Ton corps qui ondule lentement au rythme des vagues ardentes du plaisir<\/em><br><em>Et dans un long soupir tu me dis&nbsp;: \u00ab&nbsp;Viens&nbsp;\u00bb et tu te renverses tout doucement.<\/em><\/p>\n","protected":false},"excerpt":{"rendered":"<p>Editeur&nbsp;: Silex Date de publication&nbsp;: 1981 Extraits : LES MOTS Des mots d\u2019amourDes mots de toujoursDes mots qui font plaisirDes mots qui font rougirIl faut dire des mots Des mots qu\u2019on aime entendreDes mots comme tendresseDes mots comme caresseDes mots comme \u00ab&nbsp;Reviens-moi vite&nbsp;\u00bbIl faut dire des mots Des mots qui font pleurerDes mots qui font [&hellip;]<\/p>\n","protected":false},"author":1,"featured_media":0,"parent":95,"menu_order":0,"comment_status":"closed","ping_status":"closed","template":"","meta":{"footnotes":""},"class_list":["post-190","page","type-page","status-publish","czr-hentry"],"_links":{"self":[{"href":"https:\/\/barnabelaye.com\/es\/wp-json\/wp\/v2\/pages\/190","targetHints":{"allow":["GET"]}}],"collection":[{"href":"https:\/\/barnabelaye.com\/es\/wp-json\/wp\/v2\/pages"}],"about":[{"href":"https:\/\/barnabelaye.com\/es\/wp-json\/wp\/v2\/types\/page"}],"author":[{"embeddable":true,"href":"https:\/\/barnabelaye.com\/es\/wp-json\/wp\/v2\/users\/1"}],"replies":[{"embeddable":true,"href":"https:\/\/barnabelaye.com\/es\/wp-json\/wp\/v2\/comments?post=190"}],"version-history":[{"count":1,"href":"https:\/\/barnabelaye.com\/es\/wp-json\/wp\/v2\/pages\/190\/revisions"}],"predecessor-version":[{"id":192,"href":"https:\/\/barnabelaye.com\/es\/wp-json\/wp\/v2\/pages\/190\/revisions\/192"}],"up":[{"embeddable":true,"href":"https:\/\/barnabelaye.com\/es\/wp-json\/wp\/v2\/pages\/95"}],"wp:attachment":[{"href":"https:\/\/barnabelaye.com\/es\/wp-json\/wp\/v2\/media?parent=190"}],"curies":[{"name":"wp","href":"https:\/\/api.w.org\/{rel}","templated":true}]}}