{"id":169,"date":"2025-05-24T19:01:53","date_gmt":"2025-05-24T17:01:53","guid":{"rendered":"https:\/\/barnabelaye.com\/fr\/?page_id=169"},"modified":"2025-05-24T19:01:53","modified_gmt":"2025-05-24T17:01:53","slug":"le-chant-des-cannes-a-sucre","status":"publish","type":"page","link":"https:\/\/barnabelaye.com\/es\/bibliographie\/le-chant-des-cannes-a-sucre\/","title":{"rendered":"Le chant des cannes \u00e0 sucre"},"content":{"rendered":"<div class=\"wp-block-image\">\n<figure class=\"alignleft size-large is-resized\"><img loading=\"lazy\" decoding=\"async\" width=\"652\" height=\"1024\" src=\"https:\/\/barnabelaye.com\/wp-content\/uploads\/2025\/05\/LE_CHANT_DES_CANNES_A_SUCRE-652x1024.jpg\" alt=\"\" class=\"wp-image-170\" style=\"width:266px;height:auto\" srcset=\"https:\/\/barnabelaye.com\/wp-content\/uploads\/2025\/05\/LE_CHANT_DES_CANNES_A_SUCRE-652x1024.jpg 652w, https:\/\/barnabelaye.com\/wp-content\/uploads\/2025\/05\/LE_CHANT_DES_CANNES_A_SUCRE-191x300.jpg 191w, https:\/\/barnabelaye.com\/wp-content\/uploads\/2025\/05\/LE_CHANT_DES_CANNES_A_SUCRE-768x1207.jpg 768w, https:\/\/barnabelaye.com\/wp-content\/uploads\/2025\/05\/LE_CHANT_DES_CANNES_A_SUCRE.jpg 915w\" sizes=\"auto, (max-width: 652px) 100vw, 652px\" \/><\/figure>\n<\/div>\n\n\n<p><strong>Editeur&nbsp;:<\/strong> L\u2019Harmattan<\/p>\n\n\n\n<p><strong>Date de publication\u00a0:<\/strong> Mars 2019<a href=\"https:\/\/web.archive.org\/web\/20200203093637\/https:\/\/www.amazon.fr\/chant-cannes-sucre\/dp\/2343171580\/\" target=\"_blank\" rel=\"noreferrer noopener\"><\/a><\/p>\n\n\n\n<h1 class=\"wp-block-heading\">Extrait :<\/h1>\n\n\n\n<p><em>A la sortie de la ville d\u2019Abomey, il y avait une grande place nomm\u00e9e Place des arbres sacr\u00e9s, o\u00f9 se dressaient, feuillages superbes et protecteurs, trois arbres centenaires&nbsp;: un arbre-serpent, un arbre-panth\u00e8re et un iroko g\u00e9ant. Sous leurs ombres, on se sentait \u00e0 l\u2019abri, prot\u00e9g\u00e9 par les bras bienveillants des Anc\u00eatres. Certains habitants du quartier touchaient leurs troncs et leurs racines saillantes d\u2019une main pieuse et fervente pour implorer la faveur et la magnificence des dieux. D\u2019autres, au milieu de la nuit, venaient y d\u00e9poser offrandes et sacrifices pour apaiser la col\u00e8re des vaudous m\u00e9contents. Cependant, l\u2019endroit \u00e9tait surtout un lieu de passage propice aux palabres, une halte pour le repos, une aire pour fl\u00e2ner et prendre le frais ou pour \u00e9couter parfois un griot \u00e0 la belle parole.<\/em><\/p>\n\n\n\n<p><em>En cette fin d\u2019apr\u00e8s-midi, peu avant le cr\u00e9puscule, un vieillard, l\u2019homme que l\u2019on surnommait \u00ab&nbsp;Celui qui en savait trop&nbsp;\u00bb, avan\u00e7a vers la place, en tapant le sol avec un long b\u00e2ton. Il \u00e9tait aveugle. Ses cheveux blancs et sa barbe argent\u00e9e faisaient ressortir les deux ronds d\u2019\u00e9toffe noire plaqu\u00e9s sur ses yeux. Il marchait pieds nus. Un boubou \u00e0 larges manches et un pagne gris serr\u00e9 \u00e0 la taille dissimulaient sa grande maigreur. Hommes et femmes s\u2019\u00e9cartaient pour lui laisser le passage et le suivaient \u00e0 distance en direction de l\u2019iroko. Les gamins interrompaient leurs jeux pour se rapprocher de leurs parents. Le vieil homme s\u2019assit le dos contre l\u2019arbre, fit des signes de la main comme une invitation \u00e0 venir pr\u00e8s de lui et il commen\u00e7a \u00e0 parler. Il lui restait \u00e0 peine quelques dents, mais sa voix grave surprenait et captivait.<\/em><\/p>\n","protected":false},"excerpt":{"rendered":"<p>Editeur&nbsp;: L\u2019Harmattan Date de publication\u00a0: Mars 2019 Extrait : A la sortie de la ville d\u2019Abomey, il y avait une grande place nomm\u00e9e Place des arbres sacr\u00e9s, o\u00f9 se dressaient, feuillages superbes et protecteurs, trois arbres centenaires&nbsp;: un arbre-serpent, un arbre-panth\u00e8re et un iroko g\u00e9ant. Sous leurs ombres, on se sentait \u00e0 l\u2019abri, prot\u00e9g\u00e9 par [&hellip;]<\/p>\n","protected":false},"author":1,"featured_media":0,"parent":95,"menu_order":0,"comment_status":"closed","ping_status":"closed","template":"","meta":{"footnotes":""},"class_list":["post-169","page","type-page","status-publish","czr-hentry"],"_links":{"self":[{"href":"https:\/\/barnabelaye.com\/es\/wp-json\/wp\/v2\/pages\/169","targetHints":{"allow":["GET"]}}],"collection":[{"href":"https:\/\/barnabelaye.com\/es\/wp-json\/wp\/v2\/pages"}],"about":[{"href":"https:\/\/barnabelaye.com\/es\/wp-json\/wp\/v2\/types\/page"}],"author":[{"embeddable":true,"href":"https:\/\/barnabelaye.com\/es\/wp-json\/wp\/v2\/users\/1"}],"replies":[{"embeddable":true,"href":"https:\/\/barnabelaye.com\/es\/wp-json\/wp\/v2\/comments?post=169"}],"version-history":[{"count":1,"href":"https:\/\/barnabelaye.com\/es\/wp-json\/wp\/v2\/pages\/169\/revisions"}],"predecessor-version":[{"id":171,"href":"https:\/\/barnabelaye.com\/es\/wp-json\/wp\/v2\/pages\/169\/revisions\/171"}],"up":[{"embeddable":true,"href":"https:\/\/barnabelaye.com\/es\/wp-json\/wp\/v2\/pages\/95"}],"wp:attachment":[{"href":"https:\/\/barnabelaye.com\/es\/wp-json\/wp\/v2\/media?parent=169"}],"curies":[{"name":"wp","href":"https:\/\/api.w.org\/{rel}","templated":true}]}}