{"id":205,"date":"2025-05-24T19:36:11","date_gmt":"2025-05-24T17:36:11","guid":{"rendered":"https:\/\/barnabelaye.com\/fr\/?page_id=205"},"modified":"2025-05-24T19:36:11","modified_gmt":"2025-05-24T17:36:11","slug":"une-si-longue-attente","status":"publish","type":"page","link":"https:\/\/barnabelaye.com\/en\/bibliographie\/une-si-longue-attente\/","title":{"rendered":"Une si longue attente"},"content":{"rendered":"<div class=\"wp-block-image\">\n<figure class=\"alignleft size-full\"><img loading=\"lazy\" decoding=\"async\" width=\"204\" height=\"300\" src=\"https:\/\/barnabelaye.com\/wp-content\/uploads\/2025\/05\/couv_si-longue-attente.jpg\" alt=\"\" class=\"wp-image-206\" title=\"Une si longue attente Couve.pdf\"\/><\/figure>\n<\/div>\n\n\n<p><strong>Editeur&nbsp;:<\/strong> Acoria<\/p>\n\n\n\n<p><strong>Date de publication&nbsp;:<\/strong> 2010<\/p>\n\n\n\n<p>  <\/p>\n\n\n\n<h1 class=\"wp-block-heading\">Extraits :<\/h1>\n\n\n\n<p><em>Itin\u00e9rances<\/em><br><em>Par temps de vents<\/em><br><em>Par temps d\u2019exil<\/em><br><em>Les saisons passent et reviennent<\/em><br><em>Avec les jours de temp\u00eate<\/em><br><em>Et la boussole est folle<\/em><br><em>Aux abords des bourrasques<\/em><\/p>\n\n\n\n<p><em>Itin\u00e9rances<\/em><br><em>Par temps de crimes<\/em><br><em>Par temps de pleurs<\/em><br><em>Fugitives silhouettes<\/em><br><em>Dans la nuit de l\u2019oubli<\/em><br><em>O\u00f9 sont les bornes<\/em><br><em>Pour le b\u00e2ton qui interroge&nbsp;?<\/em><br><em>Et toi<\/em><br><em>Rescap\u00e9<\/em><br><em>N\u00e9 du vent des gouffres<\/em><br><em>Tu ne sais pourquoi<\/em><br><em>Tu marches depuis l\u2019aube<\/em><br><em>Dans l\u2019ignorance des chemins d\u2019errances<\/em><br><em>Au mitan des \u00e9pop\u00e9es d\u2019orages<\/em><br><em>Le fer le feu la faim<\/em><br><em>L\u2019asile au fond de toi br\u00fble<\/em><br><em>Comme des milliers d\u2019holocaustes<\/em><br><em>Tu marches depuis si longtemps<\/em><br><em>Chercheur dans la for\u00eat des songes<\/em><br><em>Tu marches avec la mort<\/em><br><em>Et chaque pas est un combat<\/em><br><em>Chercheur de r\u00eaves o\u00f9 vas-tu ?<\/em><br><em>Chaque r\u00eave a son prix<\/em><br><em>Pour tout bagage<\/em><br><em>Emporte avec toi<\/em><br><em>Le feu<\/em><\/p>\n\n\n\n<p><em>Par les sentiers<\/em><br><em>Par les labyrinthes<\/em><br><em>Tu marches comme une pri\u00e8re<\/em><br><em>A quelle \u00e9toile accrocher<\/em><br><em>Le d\u00e9sespoir du jour<\/em><br><em>Nul berger dans le d\u00e9sert<\/em><br><em>Pour un mirage au petit matin<\/em><br><em>Dans ta t\u00eate poussent des lauriers roses<\/em><br><em>Dans ta t\u00eate volent des oiseaux des papillons<\/em><br><em>Et tu marches depuis si longtemps<\/em><\/p>\n\n\n\n<p><em>Au carrefour de la vie<\/em><br><em>Le voile noir de tes yeux<\/em><br><em>Ecoute les voix d\u2019ombres<\/em><br><em>Et nul bras dress\u00e9<\/em><br><em>Vers la clart\u00e9 du voyage<\/em><br><em>Alors<\/em><br><em>Tu marches sur le chemin d\u2019une ivresse<\/em><br><em>Tu marches sur le chemin d\u2019une vision<\/em><br><em>Tu marches sur le chemin d\u2019une promesse<\/em><br><em>Tu marches sur le chemin d\u2019une r\u00e9v\u00e9lation<\/em><br><em>Tu t\u2019\u00e9blouis de plaisirs et d\u2019extases<\/em><br><em>Tu te couvres de chim\u00e8res et de songes<\/em><br><em>Halte apr\u00e8s halte toujours en transit<\/em><br><em>Et sur tes \u00e9paules le barda du destin<\/em><br><em>Croix du p\u00e9nitent ou camisole de plomb<\/em><\/p>\n\n\n\n<p><em>Et puis<\/em><br><em>Un matin<\/em><br><em>Ou une nuit<\/em><br><em>Un instant<\/em><br><em>La vie d\u00e9vie<\/em><br><em>A ton insu<\/em><br><em>L\u2019\u00e9cheveau de tes r\u00eaves<\/em><br><em>De tes chim\u00e8res<\/em><br><em>De tes esp\u00e9rances<\/em><br><em>Te voil\u00e0 embarqu\u00e9<\/em><br><em>Sur un bateau<\/em><br><em>Voiles aux vents<\/em><br><em>Cinglant<\/em><br><em>Vers de nouveaux ports<\/em><\/p>\n\n\n\n<hr class=\"wp-block-separator has-alpha-channel-opacity\"\/>\n\n\n\n<p><em>\u00d4 toi mon enfant<\/em><br><em>Je t\u2019ai attendue si longtemps<\/em><br><em>Telle une id\u00e9e fixe une \u00e9toile<\/em><br><em>Dans le labyrinthe de ma vie<\/em><br><em>Je t\u2019ai attendue si longtemps<\/em><br><em>Tel un av\u00e8nement un espoir<\/em><br><em>Dans l\u2019inqui\u00e9tude solitaire<\/em><\/p>\n\n\n\n<p><em>Je t\u2019ai d\u00e9sir\u00e9e si longtemps<\/em><br><em>Tel un commencement un refuge<\/em><br><em>Dans la tourmente et l\u2019angoisse<\/em><br><em>Je t\u2019ai attendue si longtemps<\/em><br><em>Tel un soleil une fleur<\/em><br><em>Dans la grisaille ordinaire<\/em><\/p>\n\n\n\n<p><em>Si longtemps que j\u2019attendais<\/em><br><em>Comme un p\u00e8lerin<\/em><br><em>Sur les marches du Sanctuaire<\/em><br><em>Voici<\/em><br><em>Le p\u00e8re<\/em><br><em>Chavir\u00e9<\/em><br><em>Qui pleure<\/em><br><em>Quand tu lui touches le front<\/em><br><em>Quand tu lui touches la barbe<\/em><br><em>Des larmes du fond des \u00e2ges<\/em><br><em>Pour laver le pass\u00e9<\/em><br><em>Et toutes ces choses<\/em><br><em>Qui ne furent pas<\/em><br><em>Mes racines dans ma Terre<\/em><br><em>Par del\u00e0 la distance<\/em><br><em>Par del\u00e0 l\u2019exil<\/em><br><em>Chairs vives aux couleurs du Pays<\/em><br><em>Par toi<\/em><br><em>Il y a dans mon ciel<\/em><br><em>Comme une Etoile Flamboyante<\/em><\/p>\n\n\n\n<p><em>Regarde<\/em><br><em>Je tends ma calebasse<\/em><br><em>Aux vents \u00e9trangers<\/em><br><em>J\u2019habite un geyser<\/em><br><em>De lumi\u00e8res<\/em><br><em>Eclat\u00e9es au plus noir de la nuit<\/em><br><em>J\u2019habite une pri\u00e8re<\/em><br><em>La coupe de mes mains<\/em><br><em>Offerte au soleil d\u2019\u00e9t\u00e9<\/em><br><em>J\u2019habite une fleur<\/em><br><em>Rouge<\/em><br><em>Comme le sang du sacrifice<\/em><\/p>\n\n\n\n<hr class=\"wp-block-separator has-alpha-channel-opacity\"\/>\n\n\n\n<p><em>J\u2019habite un r\u00eave<\/em><br><em>Peupl\u00e9<\/em><br><em>D\u2019orchid\u00e9es et de bougainvill\u00e9es<\/em><br><em>J\u2019habite un cri<\/em><br><em>Jailli<\/em><br><em>Du plus profond de mon \u00eatre<\/em><br><em>J\u2019habite une danse<\/em><br><em>A danser<\/em><br><em>Jusqu\u2019\u00e0 l\u2019ivresse<\/em><\/p>\n\n\n\n<hr class=\"wp-block-separator has-alpha-channel-opacity\"\/>\n\n\n\n<p><em>J\u2019aimerais te dire<\/em><br><em>Mais les mots sont redoutables<\/em><br><em>M\u00eame si la terre tremble<\/em><br><em>M\u00eame si le soleil se cache<\/em><br><em>M\u00eame si les oiseaux s\u2019enterrent<\/em><br><em>J\u2019aimerais te dire<\/em><br><em>Mais les mots sont redoutables<\/em><br><em>M\u00eame si la lune \u00e9clate<\/em><br><em>M\u00eame si le monde se noie<\/em><br><em>M\u00eame si les arbres se couchent<\/em><br><em>M\u00eame si le ciel se d\u00e9chire<\/em><br><em>Pour toujours<\/em><br><em>Je serai le p\u00e8re<\/em><br><em>A tes c\u00f4t\u00e9s<\/em><br><em>Prot\u00e9geant tes pas<\/em><br><em>Sur le parcours<\/em><br><em>Freinant tes ardeurs<\/em><br><em>Dans l\u2019impatience du jour<\/em><br><em>J\u2019aimerais te dire<\/em><\/p>\n","protected":false},"excerpt":{"rendered":"<p>Editeur&nbsp;: Acoria Date de publication&nbsp;: 2010 Extraits : Itin\u00e9rancesPar temps de ventsPar temps d\u2019exilLes saisons passent et reviennentAvec les jours de temp\u00eateEt la boussole est folleAux abords des bourrasques Itin\u00e9rancesPar temps de crimesPar temps de pleursFugitives silhouettesDans la nuit de l\u2019oubliO\u00f9 sont les bornesPour le b\u00e2ton qui interroge&nbsp;?Et toiRescap\u00e9N\u00e9 du vent des gouffresTu ne sais [&hellip;]<\/p>\n","protected":false},"author":1,"featured_media":0,"parent":95,"menu_order":0,"comment_status":"closed","ping_status":"closed","template":"","meta":{"footnotes":""},"class_list":["post-205","page","type-page","status-publish","czr-hentry"],"_links":{"self":[{"href":"https:\/\/barnabelaye.com\/en\/wp-json\/wp\/v2\/pages\/205","targetHints":{"allow":["GET"]}}],"collection":[{"href":"https:\/\/barnabelaye.com\/en\/wp-json\/wp\/v2\/pages"}],"about":[{"href":"https:\/\/barnabelaye.com\/en\/wp-json\/wp\/v2\/types\/page"}],"author":[{"embeddable":true,"href":"https:\/\/barnabelaye.com\/en\/wp-json\/wp\/v2\/users\/1"}],"replies":[{"embeddable":true,"href":"https:\/\/barnabelaye.com\/en\/wp-json\/wp\/v2\/comments?post=205"}],"version-history":[{"count":1,"href":"https:\/\/barnabelaye.com\/en\/wp-json\/wp\/v2\/pages\/205\/revisions"}],"predecessor-version":[{"id":207,"href":"https:\/\/barnabelaye.com\/en\/wp-json\/wp\/v2\/pages\/205\/revisions\/207"}],"up":[{"embeddable":true,"href":"https:\/\/barnabelaye.com\/en\/wp-json\/wp\/v2\/pages\/95"}],"wp:attachment":[{"href":"https:\/\/barnabelaye.com\/en\/wp-json\/wp\/v2\/media?parent=205"}],"curies":[{"name":"wp","href":"https:\/\/api.w.org\/{rel}","templated":true}]}}