{"id":162,"date":"2025-05-24T18:57:46","date_gmt":"2025-05-24T16:57:46","guid":{"rendered":"https:\/\/barnabelaye.com\/fr\/?page_id=162"},"modified":"2025-05-24T18:57:46","modified_gmt":"2025-05-24T16:57:46","slug":"mangalor","status":"publish","type":"page","link":"https:\/\/barnabelaye.com\/en\/bibliographie\/mangalor\/","title":{"rendered":"Mangalor"},"content":{"rendered":"<div class=\"wp-block-image\">\n<figure class=\"alignleft size-full\"><img loading=\"lazy\" decoding=\"async\" width=\"220\" height=\"300\" src=\"https:\/\/barnabelaye.com\/wp-content\/uploads\/2025\/05\/couv_mangalor.jpg\" alt=\"\" class=\"wp-image-163\" title=\"couv_mangalor\"\/><\/figure>\n<\/div>\n\n\n<p class=\"has-luminous-vivid-orange-color has-text-color has-link-color wp-elements-3a8604464b0ad553ea408466e9eff769\"><strong><em>Grand Prix Litt\u00e9raire des H\u00f4pitaux de Paris, 1990<\/em><\/strong><\/p>\n\n\n\n<p><strong>Editeur&nbsp;:<\/strong> Seghers<\/p>\n\n\n\n<p><strong>Date de publication&nbsp;:<\/strong> 1999<\/p>\n\n\n\n<h1 class=\"wp-block-heading\">Le roman commence ainsi :<\/h1>\n\n\n\n<p><em>L\u2019horizon \u00e9tait un rideau d\u2019arbres calcin\u00e9s. La terre, un arpent de lune d\u00e9chir\u00e9e en mille crat\u00e8res. Le soleil, boule de feu, comme une mal\u00e9diction\u2026 Alors, les femmes peules, les femmes bellahs, les femmes touaregs sortirent de la tente.<\/em><br><em>Une fois encore, elles offrirent \u00e0 l\u2019enfant le sein pour tromper la faim, provoquer le sommeil. Il va falloir marcher des jours et des nuits. Le Sud. Toujours le Sud. La soif au c\u0153ur, il n\u2019y aura nulle boussole, nulle \u00e9toile dans le ciel. C\u2019est un adieu au Sahel que leurs pas \u00e9criront sur la peau du d\u00e9sert. Une procession tachet\u00e9e de squelettes de b\u00eates.<\/em><br><em>Aucun vent ne viendra balayer les marques fugitives des rescap\u00e9s du troupeau\u2026<\/em><br><em>\u2014&nbsp;Dieu de nos anc\u00eatres, piti\u00e9&nbsp;!<\/em><br><em>Mots chuchot\u00e9s en signe d\u2019all\u00e9geance. Ces femmes portent la croix du d\u00e9sert, et c\u2019est un signe de d\u00e9tresse que leurs bras dessinent dans le vide.<\/em><br><em>Les femmes peules, les femmes bellahs, les femmes touaregs se mirent en marche vers le Sud.<\/em><\/p>\n","protected":false},"excerpt":{"rendered":"<p>Grand Prix Litt\u00e9raire des H\u00f4pitaux de Paris, 1990 Editeur&nbsp;: Seghers Date de publication&nbsp;: 1999 Le roman commence ainsi : L\u2019horizon \u00e9tait un rideau d\u2019arbres calcin\u00e9s. La terre, un arpent de lune d\u00e9chir\u00e9e en mille crat\u00e8res. Le soleil, boule de feu, comme une mal\u00e9diction\u2026 Alors, les femmes peules, les femmes bellahs, les femmes touaregs sortirent de [&hellip;]<\/p>\n","protected":false},"author":1,"featured_media":0,"parent":95,"menu_order":0,"comment_status":"closed","ping_status":"closed","template":"","meta":{"footnotes":""},"class_list":["post-162","page","type-page","status-publish","czr-hentry"],"_links":{"self":[{"href":"https:\/\/barnabelaye.com\/en\/wp-json\/wp\/v2\/pages\/162","targetHints":{"allow":["GET"]}}],"collection":[{"href":"https:\/\/barnabelaye.com\/en\/wp-json\/wp\/v2\/pages"}],"about":[{"href":"https:\/\/barnabelaye.com\/en\/wp-json\/wp\/v2\/types\/page"}],"author":[{"embeddable":true,"href":"https:\/\/barnabelaye.com\/en\/wp-json\/wp\/v2\/users\/1"}],"replies":[{"embeddable":true,"href":"https:\/\/barnabelaye.com\/en\/wp-json\/wp\/v2\/comments?post=162"}],"version-history":[{"count":1,"href":"https:\/\/barnabelaye.com\/en\/wp-json\/wp\/v2\/pages\/162\/revisions"}],"predecessor-version":[{"id":164,"href":"https:\/\/barnabelaye.com\/en\/wp-json\/wp\/v2\/pages\/162\/revisions\/164"}],"up":[{"embeddable":true,"href":"https:\/\/barnabelaye.com\/en\/wp-json\/wp\/v2\/pages\/95"}],"wp:attachment":[{"href":"https:\/\/barnabelaye.com\/en\/wp-json\/wp\/v2\/media?parent=162"}],"curies":[{"name":"wp","href":"https:\/\/api.w.org\/{rel}","templated":true}]}}